{"id":1002,"date":"2022-03-16T22:06:25","date_gmt":"2022-03-16T21:06:25","guid":{"rendered":"https:\/\/tabanobike.com\/?page_id=1002"},"modified":"2022-03-24T19:56:44","modified_gmt":"2022-03-24T18:56:44","slug":"etapas-pirenaicas","status":"publish","type":"page","link":"https:\/\/tabanobike.com\/eu\/etapas-pirenaicas\/","title":{"rendered":"Etapas Pirenaicas"},"content":{"rendered":"<p>Behin baino gehiagotan hitz egin dugu Transpirenaikari buruz, eta proiektua aurrera eramateko datak zehaztea zaila zela ikusita, Titori eta Mari Karmeneri etapa zirkularretan antzeko zerbait egiteko ideia bururatu zitzaien.<br>Pirinioetako portuak Pirinioetako mendikatetik gora igotzean datza, mendebaldetik ekialdera, Kantauri itsasertzetik hasita, Mediterraneo aldera.<\/p>\n\n\n\n<p>Jardunaldi bakarreko etapa zirkularrak dira. Zazpigarren eta zortzigarren etapek joan-etorri luze samarra dute. Beraz, autobus bat alokatuz egin genituen. Etapa hauek ez dira zirkularrak. <\/p>\n\n\n\n<p>Meteorologiak eta distantziak eragindako arazoak zirela eta, ezin izan genuen aurrera  jarraitu, beraz abentura polit hau Luchonen amaitu zen.<\/p>\n\n\n<style>.wp-show-posts-columns#wpsp-1008 {margin-left: -2em; }.wp-show-posts-columns#wpsp-1008 .wp-show-posts-inner {margin: 0 0 2em 2em; }<\/style><section id=\"wpsp-1008\" class=\"wp-show-posts-columns wp-show-posts\" style=\"\"><article class=\"wp-show-posts-single post-1024 page type-page status-publish has-post-thumbnail hentry category-etapas-pirenaicas wpsp-col-3\" itemtype=\"http:\/\/schema.org\/CreativeWork\" itemscope><div class=\"wp-show-posts-inner\" style=\"\">\t\t<div class=\"wp-show-posts-image  wpsp-image-center\">\n\t\t\t<a href=\"https:\/\/tabanobike.com\/eu\/rutas\/1-ibardin-lizuniaga-lizarrieta\/\"  title=\"1- Ibardin &#8211; Lizuniaga &#8211; Lizarrieta\"><img loading=\"lazy\" decoding=\"async\" width=\"778\" height=\"584\" src=\"https:\/\/tabanobike.com\/wp-content\/uploads\/2022\/03\/IMG_0547.jpg\" class=\"attachment-full size-full wp-post-image\" alt=\"\" itemprop=\"image\" srcset=\"https:\/\/tabanobike.com\/wp-content\/uploads\/2022\/03\/IMG_0547.jpg 778w, https:\/\/tabanobike.com\/wp-content\/uploads\/2022\/03\/IMG_0547-300x225.jpg 300w, https:\/\/tabanobike.com\/wp-content\/uploads\/2022\/03\/IMG_0547-768x576.jpg 768w, https:\/\/tabanobike.com\/wp-content\/uploads\/2022\/03\/IMG_0547-16x12.jpg 16w\" sizes=\"auto, (max-width: 778px) 100vw, 778px\" \/><\/a>\t\t<\/div>\n\t\t\t\t\t\t\t\t<header class=\"wp-show-posts-entry-header\">\n\t\t\t\t\t\t\t<h5 class=\"wp-show-posts-entry-title\" itemprop=\"headline\"><a href=\"https:\/\/tabanobike.com\/eu\/rutas\/1-ibardin-lizuniaga-lizarrieta\/\" rel=\"bookmark\">1- Ibardin &#8211; Lizuniaga &#8211; Lizarrieta<\/a><\/h5><div class=\"wp-show-posts-entry-meta wp-show-posts-entry-meta-below-title post-meta-inline\"><span class=\"wp-show-posts-posted-on wp-show-posts-meta\">\n\t\t\t\t\t<a href=\"https:\/\/tabanobike.com\/eu\/rutas\/1-ibardin-lizuniaga-lizarrieta\/\" title=\"\" rel=\"bookmark\"><time class=\"wp-show-posts-entry-date published\" datetime=\"2022-03-24T18:05:12+01:00\" itemprop=\"datePublished\"><\/time><time class=\"wp-show-posts-updated\" datetime=\"2022-03-24T20:03:35+01:00\" itemprop=\"dateModified\"><\/time><\/a>\n\t\t\t\t<\/span><\/div>\t\t\t\t\t\t<\/header><!-- .entry-header -->\n\t\t\t\t\t<div class=\"wpsp-read-more\"><a title=\"1- Ibardin &#8211; Lizuniaga &#8211; Lizarrieta\" class=\"wp-show-posts-read-more\" href=\"https:\/\/tabanobike.com\/eu\/rutas\/1-ibardin-lizuniaga-lizarrieta\/\">Sartu<\/a><\/div><\/div><!-- wp-show-posts-inner --><\/article><article class=\"wp-show-posts-single post-1027 page type-page status-publish has-post-thumbnail hentry category-etapas-pirenaicas wpsp-col-3\" itemtype=\"http:\/\/schema.org\/CreativeWork\" itemscope><div class=\"wp-show-posts-inner\" style=\"\">\t\t<div class=\"wp-show-posts-image  wpsp-image-center\">\n\t\t\t<a href=\"https:\/\/tabanobike.com\/eu\/rutas\/2-dantxarinea-otxondo-ispegi\/\"  title=\"2- Dantxarinea &#8211; Otxondo &#8211; Ispegi\"><img loading=\"lazy\" decoding=\"async\" width=\"1037\" height=\"778\" src=\"https:\/\/tabanobike.com\/wp-content\/uploads\/2022\/03\/IMG_0845.jpg\" class=\"attachment-full size-full wp-post-image\" alt=\"\" itemprop=\"image\" srcset=\"https:\/\/tabanobike.com\/wp-content\/uploads\/2022\/03\/IMG_0845.jpg 1037w, https:\/\/tabanobike.com\/wp-content\/uploads\/2022\/03\/IMG_0845-300x225.jpg 300w, https:\/\/tabanobike.com\/wp-content\/uploads\/2022\/03\/IMG_0845-1024x768.jpg 1024w, https:\/\/tabanobike.com\/wp-content\/uploads\/2022\/03\/IMG_0845-768x576.jpg 768w, https:\/\/tabanobike.com\/wp-content\/uploads\/2022\/03\/IMG_0845-16x12.jpg 16w\" sizes=\"auto, (max-width: 1037px) 100vw, 1037px\" \/><\/a>\t\t<\/div>\n\t\t\t\t\t\t\t\t<header class=\"wp-show-posts-entry-header\">\n\t\t\t\t\t\t\t<h5 class=\"wp-show-posts-entry-title\" itemprop=\"headline\"><a href=\"https:\/\/tabanobike.com\/eu\/rutas\/2-dantxarinea-otxondo-ispegi\/\" rel=\"bookmark\">2- Dantxarinea &#8211; Otxondo &#8211; Ispegi<\/a><\/h5><div class=\"wp-show-posts-entry-meta wp-show-posts-entry-meta-below-title post-meta-inline\"><span class=\"wp-show-posts-posted-on wp-show-posts-meta\">\n\t\t\t\t\t<a href=\"https:\/\/tabanobike.com\/eu\/rutas\/2-dantxarinea-otxondo-ispegi\/\" title=\"\" rel=\"bookmark\"><time class=\"wp-show-posts-entry-date published\" datetime=\"2022-03-24T18:13:30+01:00\" itemprop=\"datePublished\"><\/time><time class=\"wp-show-posts-updated\" datetime=\"2022-03-24T20:03:53+01:00\" itemprop=\"dateModified\"><\/time><\/a>\n\t\t\t\t<\/span><\/div>\t\t\t\t\t\t<\/header><!-- .entry-header -->\n\t\t\t\t\t<div class=\"wpsp-read-more\"><a title=\"2- Dantxarinea &#8211; Otxondo &#8211; Ispegi\" class=\"wp-show-posts-read-more\" href=\"https:\/\/tabanobike.com\/eu\/rutas\/2-dantxarinea-otxondo-ispegi\/\">Sartu<\/a><\/div><\/div><!-- wp-show-posts-inner --><\/article><article class=\"wp-show-posts-single post-1034 page type-page status-publish has-post-thumbnail hentry category-etapas-pirenaicas wpsp-col-3\" itemtype=\"http:\/\/schema.org\/CreativeWork\" itemscope><div class=\"wp-show-posts-inner\" style=\"\">\t\t<div class=\"wp-show-posts-image  wpsp-image-center\">\n\t\t\t<a href=\"https:\/\/tabanobike.com\/eu\/rutas\/3-donibane-garazi-col-bagarbi-col-burdin-olatze\/\"  title=\"3-Donibane Garazi &#8211; Col Bagarbi &#8211; Col Burdin &#8211; Olatze\"><img loading=\"lazy\" decoding=\"async\" width=\"1107\" height=\"830\" src=\"https:\/\/tabanobike.com\/wp-content\/uploads\/2022\/03\/IMG_0204.jpg\" class=\"attachment-full size-full wp-post-image\" alt=\"\" itemprop=\"image\" srcset=\"https:\/\/tabanobike.com\/wp-content\/uploads\/2022\/03\/IMG_0204.jpg 1107w, https:\/\/tabanobike.com\/wp-content\/uploads\/2022\/03\/IMG_0204-300x225.jpg 300w, https:\/\/tabanobike.com\/wp-content\/uploads\/2022\/03\/IMG_0204-1024x768.jpg 1024w, https:\/\/tabanobike.com\/wp-content\/uploads\/2022\/03\/IMG_0204-768x576.jpg 768w, https:\/\/tabanobike.com\/wp-content\/uploads\/2022\/03\/IMG_0204-16x12.jpg 16w\" sizes=\"auto, (max-width: 1107px) 100vw, 1107px\" \/><\/a>\t\t<\/div>\n\t\t\t\t\t\t\t\t<header class=\"wp-show-posts-entry-header\">\n\t\t\t\t\t\t\t<h5 class=\"wp-show-posts-entry-title\" itemprop=\"headline\"><a href=\"https:\/\/tabanobike.com\/eu\/rutas\/3-donibane-garazi-col-bagarbi-col-burdin-olatze\/\" rel=\"bookmark\">3-Donibane Garazi &#8211; Col Bagarbi &#8211; Col Burdin &#8211; Olatze<\/a><\/h5><div class=\"wp-show-posts-entry-meta wp-show-posts-entry-meta-below-title post-meta-inline\"><span class=\"wp-show-posts-posted-on wp-show-posts-meta\">\n\t\t\t\t\t<a href=\"https:\/\/tabanobike.com\/eu\/rutas\/3-donibane-garazi-col-bagarbi-col-burdin-olatze\/\" title=\"\" rel=\"bookmark\"><time class=\"wp-show-posts-entry-date published\" datetime=\"2022-03-24T18:22:04+01:00\" itemprop=\"datePublished\"><\/time><time class=\"wp-show-posts-updated\" datetime=\"2022-03-24T19:57:43+01:00\" itemprop=\"dateModified\"><\/time><\/a>\n\t\t\t\t<\/span><\/div>\t\t\t\t\t\t<\/header><!-- .entry-header -->\n\t\t\t\t\t<div class=\"wpsp-read-more\"><a title=\"3-Donibane Garazi &#8211; Col Bagarbi &#8211; Col Burdin &#8211; Olatze\" class=\"wp-show-posts-read-more\" href=\"https:\/\/tabanobike.com\/eu\/rutas\/3-donibane-garazi-col-bagarbi-col-burdin-olatze\/\">Sartu<\/a><\/div><\/div><!-- wp-show-posts-inner --><\/article><article class=\"wp-show-posts-single post-1039 page type-page status-publish has-post-thumbnail hentry category-etapas-pirenaicas wpsp-col-3\" itemtype=\"http:\/\/schema.org\/CreativeWork\" itemscope><div class=\"wp-show-posts-inner\" style=\"\">\t\t<div class=\"wp-show-posts-image  wpsp-image-center\">\n\t\t\t<a href=\"https:\/\/tabanobike.com\/eu\/rutas\/4-izaba-larrau\/\"  title=\"4- Isaba &#8211; Larrau\"><img loading=\"lazy\" decoding=\"async\" width=\"1280\" height=\"957\" src=\"https:\/\/tabanobike.com\/wp-content\/uploads\/2022\/01\/photo_2022-01-16_17-59-55.jpg\" class=\"attachment-full size-full wp-post-image\" alt=\"\" itemprop=\"image\" srcset=\"https:\/\/tabanobike.com\/wp-content\/uploads\/2022\/01\/photo_2022-01-16_17-59-55.jpg 1280w, https:\/\/tabanobike.com\/wp-content\/uploads\/2022\/01\/photo_2022-01-16_17-59-55-300x224.jpg 300w, https:\/\/tabanobike.com\/wp-content\/uploads\/2022\/01\/photo_2022-01-16_17-59-55-1024x766.jpg 1024w, https:\/\/tabanobike.com\/wp-content\/uploads\/2022\/01\/photo_2022-01-16_17-59-55-768x574.jpg 768w, https:\/\/tabanobike.com\/wp-content\/uploads\/2022\/01\/photo_2022-01-16_17-59-55-676x505.jpg 676w\" sizes=\"auto, (max-width: 1280px) 100vw, 1280px\" \/><\/a>\t\t<\/div>\n\t\t\t\t\t\t\t\t<header class=\"wp-show-posts-entry-header\">\n\t\t\t\t\t\t\t<h5 class=\"wp-show-posts-entry-title\" itemprop=\"headline\"><a href=\"https:\/\/tabanobike.com\/eu\/rutas\/4-izaba-larrau\/\" rel=\"bookmark\">4- Isaba &#8211; Larrau<\/a><\/h5><div class=\"wp-show-posts-entry-meta wp-show-posts-entry-meta-below-title post-meta-inline\"><span class=\"wp-show-posts-posted-on wp-show-posts-meta\">\n\t\t\t\t\t<a href=\"https:\/\/tabanobike.com\/eu\/rutas\/4-izaba-larrau\/\" title=\"\" rel=\"bookmark\"><time class=\"wp-show-posts-entry-date published\" datetime=\"2022-03-24T18:35:05+01:00\" itemprop=\"datePublished\"><\/time><time class=\"wp-show-posts-updated\" datetime=\"2022-03-24T21:14:11+01:00\" itemprop=\"dateModified\"><\/time><\/a>\n\t\t\t\t<\/span><\/div>\t\t\t\t\t\t<\/header><!-- .entry-header -->\n\t\t\t\t\t<div class=\"wpsp-read-more\"><a title=\"4- Isaba &#8211; Larrau\" class=\"wp-show-posts-read-more\" href=\"https:\/\/tabanobike.com\/eu\/rutas\/4-izaba-larrau\/\">Sartu<\/a><\/div><\/div><!-- wp-show-posts-inner --><\/article><article class=\"wp-show-posts-single post-1042 page type-page status-publish has-post-thumbnail hentry category-etapas-pirenaicas wpsp-col-3\" itemtype=\"http:\/\/schema.org\/CreativeWork\" itemscope><div class=\"wp-show-posts-inner\" style=\"\">\t\t<div class=\"wp-show-posts-image  wpsp-image-center\">\n\t\t\t<a href=\"https:\/\/tabanobike.com\/eu\/rutas\/5-arette-marie-blanque\/\"  title=\"5- Arette &#8211; Marie Blanque\"><img loading=\"lazy\" decoding=\"async\" width=\"1107\" height=\"830\" src=\"https:\/\/tabanobike.com\/wp-content\/uploads\/2022\/03\/IMG_00872.jpg\" class=\"attachment-full size-full wp-post-image\" alt=\"\" itemprop=\"image\" srcset=\"https:\/\/tabanobike.com\/wp-content\/uploads\/2022\/03\/IMG_00872.jpg 1107w, https:\/\/tabanobike.com\/wp-content\/uploads\/2022\/03\/IMG_00872-300x225.jpg 300w, https:\/\/tabanobike.com\/wp-content\/uploads\/2022\/03\/IMG_00872-1024x768.jpg 1024w, https:\/\/tabanobike.com\/wp-content\/uploads\/2022\/03\/IMG_00872-768x576.jpg 768w, https:\/\/tabanobike.com\/wp-content\/uploads\/2022\/03\/IMG_00872-16x12.jpg 16w\" sizes=\"auto, (max-width: 1107px) 100vw, 1107px\" \/><\/a>\t\t<\/div>\n\t\t\t\t\t\t\t\t<header class=\"wp-show-posts-entry-header\">\n\t\t\t\t\t\t\t<h5 class=\"wp-show-posts-entry-title\" itemprop=\"headline\"><a href=\"https:\/\/tabanobike.com\/eu\/rutas\/5-arette-marie-blanque\/\" rel=\"bookmark\">5- Arette &#8211; Marie Blanque<\/a><\/h5><div class=\"wp-show-posts-entry-meta wp-show-posts-entry-meta-below-title post-meta-inline\"><span class=\"wp-show-posts-posted-on wp-show-posts-meta\">\n\t\t\t\t\t<a href=\"https:\/\/tabanobike.com\/eu\/rutas\/5-arette-marie-blanque\/\" title=\"\" rel=\"bookmark\"><time class=\"wp-show-posts-entry-date published\" datetime=\"2022-03-24T18:45:20+01:00\" itemprop=\"datePublished\"><\/time><time class=\"wp-show-posts-updated\" datetime=\"2022-03-24T19:58:00+01:00\" itemprop=\"dateModified\"><\/time><\/a>\n\t\t\t\t<\/span><\/div>\t\t\t\t\t\t<\/header><!-- .entry-header -->\n\t\t\t\t\t<div class=\"wpsp-read-more\"><a title=\"5- Arette &#8211; Marie Blanque\" class=\"wp-show-posts-read-more\" href=\"https:\/\/tabanobike.com\/eu\/rutas\/5-arette-marie-blanque\/\">Sartu<\/a><\/div><\/div><!-- wp-show-posts-inner --><\/article><article class=\"wp-show-posts-single post-1045 page type-page status-publish has-post-thumbnail hentry category-etapas-pirenaicas wpsp-col-3\" itemtype=\"http:\/\/schema.org\/CreativeWork\" itemscope><div class=\"wp-show-posts-inner\" style=\"\">\t\t<div class=\"wp-show-posts-image  wpsp-image-center\">\n\t\t\t<a href=\"https:\/\/tabanobike.com\/eu\/rutas\/6-arudy-aubisque\/\"  title=\"6- Arudy Aubisque\"><img loading=\"lazy\" decoding=\"async\" width=\"1107\" height=\"830\" src=\"https:\/\/tabanobike.com\/wp-content\/uploads\/2022\/03\/IMG_0338.jpg\" class=\"attachment-full size-full wp-post-image\" alt=\"\" itemprop=\"image\" srcset=\"https:\/\/tabanobike.com\/wp-content\/uploads\/2022\/03\/IMG_0338.jpg 1107w, https:\/\/tabanobike.com\/wp-content\/uploads\/2022\/03\/IMG_0338-300x225.jpg 300w, https:\/\/tabanobike.com\/wp-content\/uploads\/2022\/03\/IMG_0338-1024x768.jpg 1024w, https:\/\/tabanobike.com\/wp-content\/uploads\/2022\/03\/IMG_0338-768x576.jpg 768w, https:\/\/tabanobike.com\/wp-content\/uploads\/2022\/03\/IMG_0338-16x12.jpg 16w\" sizes=\"auto, (max-width: 1107px) 100vw, 1107px\" \/><\/a>\t\t<\/div>\n\t\t\t\t\t\t\t\t<header class=\"wp-show-posts-entry-header\">\n\t\t\t\t\t\t\t<h5 class=\"wp-show-posts-entry-title\" itemprop=\"headline\"><a href=\"https:\/\/tabanobike.com\/eu\/rutas\/6-arudy-aubisque\/\" rel=\"bookmark\">6- Arudy Aubisque<\/a><\/h5><div class=\"wp-show-posts-entry-meta wp-show-posts-entry-meta-below-title post-meta-inline\"><span class=\"wp-show-posts-posted-on wp-show-posts-meta\">\n\t\t\t\t\t<a href=\"https:\/\/tabanobike.com\/eu\/rutas\/6-arudy-aubisque\/\" title=\"\" rel=\"bookmark\"><time class=\"wp-show-posts-entry-date published\" datetime=\"2022-03-24T19:16:16+01:00\" itemprop=\"datePublished\"><\/time><time class=\"wp-show-posts-updated\" datetime=\"2022-03-24T19:58:06+01:00\" itemprop=\"dateModified\"><\/time><\/a>\n\t\t\t\t<\/span><\/div>\t\t\t\t\t\t<\/header><!-- .entry-header -->\n\t\t\t\t\t<div class=\"wpsp-read-more\"><a title=\"6- Arudy Aubisque\" class=\"wp-show-posts-read-more\" href=\"https:\/\/tabanobike.com\/eu\/rutas\/6-arudy-aubisque\/\">Sartu<\/a><\/div><\/div><!-- wp-show-posts-inner --><\/article><article class=\"wp-show-posts-single post-1049 page type-page status-publish has-post-thumbnail hentry category-etapas-pirenaicas wpsp-col-3\" itemtype=\"http:\/\/schema.org\/CreativeWork\" itemscope><div class=\"wp-show-posts-inner\" style=\"\">\t\t<div class=\"wp-show-posts-image  wpsp-image-center\">\n\t\t\t<a href=\"https:\/\/tabanobike.com\/eu\/rutas\/7-agos-vidalos-arreau\/\"  title=\"7- Agos Vidalos &#8211; Arreau\"><img loading=\"lazy\" decoding=\"async\" width=\"1107\" height=\"830\" src=\"https:\/\/tabanobike.com\/wp-content\/uploads\/2022\/03\/IMG_20150620_131037649.jpg\" class=\"attachment-full size-full wp-post-image\" alt=\"\" itemprop=\"image\" srcset=\"https:\/\/tabanobike.com\/wp-content\/uploads\/2022\/03\/IMG_20150620_131037649.jpg 1107w, https:\/\/tabanobike.com\/wp-content\/uploads\/2022\/03\/IMG_20150620_131037649-300x225.jpg 300w, https:\/\/tabanobike.com\/wp-content\/uploads\/2022\/03\/IMG_20150620_131037649-1024x768.jpg 1024w, https:\/\/tabanobike.com\/wp-content\/uploads\/2022\/03\/IMG_20150620_131037649-768x576.jpg 768w, https:\/\/tabanobike.com\/wp-content\/uploads\/2022\/03\/IMG_20150620_131037649-16x12.jpg 16w\" sizes=\"auto, (max-width: 1107px) 100vw, 1107px\" \/><\/a>\t\t<\/div>\n\t\t\t\t\t\t\t\t<header class=\"wp-show-posts-entry-header\">\n\t\t\t\t\t\t\t<h5 class=\"wp-show-posts-entry-title\" itemprop=\"headline\"><a href=\"https:\/\/tabanobike.com\/eu\/rutas\/7-agos-vidalos-arreau\/\" rel=\"bookmark\">7- Agos Vidalos &#8211; Arreau<\/a><\/h5><div class=\"wp-show-posts-entry-meta wp-show-posts-entry-meta-below-title post-meta-inline\"><span class=\"wp-show-posts-posted-on wp-show-posts-meta\">\n\t\t\t\t\t<a href=\"https:\/\/tabanobike.com\/eu\/rutas\/7-agos-vidalos-arreau\/\" title=\"\" rel=\"bookmark\"><time class=\"wp-show-posts-entry-date published\" datetime=\"2022-03-24T19:43:07+01:00\" itemprop=\"datePublished\"><\/time><time class=\"wp-show-posts-updated\" datetime=\"2022-03-24T19:58:51+01:00\" itemprop=\"dateModified\"><\/time><\/a>\n\t\t\t\t<\/span><\/div>\t\t\t\t\t\t<\/header><!-- .entry-header -->\n\t\t\t\t\t<div class=\"wpsp-read-more\"><a title=\"7- Agos Vidalos &#8211; Arreau\" class=\"wp-show-posts-read-more\" href=\"https:\/\/tabanobike.com\/eu\/rutas\/7-agos-vidalos-arreau\/\">Sartu<\/a><\/div><\/div><!-- wp-show-posts-inner --><\/article><article class=\"wp-show-posts-single post-1054 page type-page status-publish has-post-thumbnail hentry category-etapas-pirenaicas wpsp-col-3\" itemtype=\"http:\/\/schema.org\/CreativeWork\" itemscope><div class=\"wp-show-posts-inner\" style=\"\">\t\t<div class=\"wp-show-posts-image  wpsp-image-center\">\n\t\t\t<a href=\"https:\/\/tabanobike.com\/eu\/rutas\/8-bagneres-de-luchon-port-de-bales-peyresourde-arreau\/\"  title=\"8- Bagneres de Luchon- Port de Bales &#8211; Peyresourde &#8211; Arreau\"><img loading=\"lazy\" decoding=\"async\" width=\"640\" height=\"480\" src=\"https:\/\/tabanobike.com\/wp-content\/uploads\/2022\/03\/IMG_20150621_120719915.jpg\" class=\"attachment-full size-full wp-post-image\" alt=\"\" itemprop=\"image\" srcset=\"https:\/\/tabanobike.com\/wp-content\/uploads\/2022\/03\/IMG_20150621_120719915.jpg 640w, https:\/\/tabanobike.com\/wp-content\/uploads\/2022\/03\/IMG_20150621_120719915-300x225.jpg 300w, https:\/\/tabanobike.com\/wp-content\/uploads\/2022\/03\/IMG_20150621_120719915-16x12.jpg 16w\" sizes=\"auto, (max-width: 640px) 100vw, 640px\" \/><\/a>\t\t<\/div>\n\t\t\t\t\t\t\t\t<header class=\"wp-show-posts-entry-header\">\n\t\t\t\t\t\t\t<h5 class=\"wp-show-posts-entry-title\" itemprop=\"headline\"><a href=\"https:\/\/tabanobike.com\/eu\/rutas\/8-bagneres-de-luchon-port-de-bales-peyresourde-arreau\/\" rel=\"bookmark\">8- Bagneres de Luchon- Port de Bales &#8211; Peyresourde &#8211; Arreau<\/a><\/h5><div class=\"wp-show-posts-entry-meta wp-show-posts-entry-meta-below-title post-meta-inline\"><span class=\"wp-show-posts-posted-on wp-show-posts-meta\">\n\t\t\t\t\t<a href=\"https:\/\/tabanobike.com\/eu\/rutas\/8-bagneres-de-luchon-port-de-bales-peyresourde-arreau\/\" title=\"\" rel=\"bookmark\"><time class=\"wp-show-posts-entry-date published\" datetime=\"2022-03-24T19:54:12+01:00\" itemprop=\"datePublished\"><\/time><time class=\"wp-show-posts-updated\" datetime=\"2022-03-24T20:06:50+01:00\" itemprop=\"dateModified\"><\/time><\/a>\n\t\t\t\t<\/span><\/div>\t\t\t\t\t\t<\/header><!-- .entry-header -->\n\t\t\t\t\t<div class=\"wpsp-read-more\"><a title=\"8- Bagneres de Luchon- Port de Bales &#8211; Peyresourde &#8211; Arreau\" class=\"wp-show-posts-read-more\" href=\"https:\/\/tabanobike.com\/eu\/rutas\/8-bagneres-de-luchon-port-de-bales-peyresourde-arreau\/\">Sartu<\/a><\/div><\/div><!-- wp-show-posts-inner --><\/article><div class=\"wpsp-clear\"><\/div><\/section><!-- .wp-show-posts -->\n\n\n\n<figure class=\"wp-block-embed is-type-video is-provider-youtube wp-block-embed-youtube wp-embed-aspect-16-9 wp-has-aspect-ratio\"><div class=\"wp-block-embed__wrapper\">\n<iframe loading=\"lazy\" title=\"Etapas pirenaicas\" width=\"1140\" height=\"641\" src=\"https:\/\/www.youtube.com\/embed\/-NwSb1s4SyM?feature=oembed\" frameborder=\"0\" allow=\"accelerometer; autoplay; clipboard-write; encrypted-media; gyroscope; picture-in-picture\" allowfullscreen><\/iframe>\n<\/div><\/figure>\n\n\n\n<p><\/p>\n\n\n\n<p><\/p>\n\n\n\n<p><\/p>","protected":false},"excerpt":{"rendered":"<p>En varias ocasiones hemos hablado de la Transpirenaica y en vista de que est\u00e1 dif\u00edcil coordinar fechas para llevar adelante \u00e9ste proyecto, a Tito y Mari Karmen se les ocurri\u00f3 la idea de hacer algo parecido en etapas circulares.Se trata &hellip; <a href=\"https:\/\/tabanobike.com\/eu\/rutas\/8-bagneres-de-luchon-port-de-bales-peyresourde-arreau\/\">Continued<\/a><\/p>","protected":false},"author":1,"featured_media":1056,"parent":0,"menu_order":0,"comment_status":"closed","ping_status":"closed","template":"page-fullwidth.php","meta":{"kt_blocks_editor_width":"","footnotes":""},"categories":[11,14,4],"tags":[],"class_list":["post-1002","page","type-page","status-publish","has-post-thumbnail","hentry","category-carretera","category-pirineos","category-rutas"],"aioseo_notices":[],"_links":{"self":[{"href":"https:\/\/tabanobike.com\/eu\/wp-json\/wp\/v2\/pages\/1002","targetHints":{"allow":["GET"]}}],"collection":[{"href":"https:\/\/tabanobike.com\/eu\/wp-json\/wp\/v2\/pages"}],"about":[{"href":"https:\/\/tabanobike.com\/eu\/wp-json\/wp\/v2\/types\/page"}],"author":[{"embeddable":true,"href":"https:\/\/tabanobike.com\/eu\/wp-json\/wp\/v2\/users\/1"}],"replies":[{"embeddable":true,"href":"https:\/\/tabanobike.com\/eu\/wp-json\/wp\/v2\/comments?post=1002"}],"version-history":[{"count":8,"href":"https:\/\/tabanobike.com\/eu\/wp-json\/wp\/v2\/pages\/1002\/revisions"}],"predecessor-version":[{"id":1073,"href":"https:\/\/tabanobike.com\/eu\/wp-json\/wp\/v2\/pages\/1002\/revisions\/1073"}],"wp:featuredmedia":[{"embeddable":true,"href":"https:\/\/tabanobike.com\/eu\/wp-json\/wp\/v2\/media\/1056"}],"wp:attachment":[{"href":"https:\/\/tabanobike.com\/eu\/wp-json\/wp\/v2\/media?parent=1002"}],"wp:term":[{"taxonomy":"category","embeddable":true,"href":"https:\/\/tabanobike.com\/eu\/wp-json\/wp\/v2\/categories?post=1002"},{"taxonomy":"post_tag","embeddable":true,"href":"https:\/\/tabanobike.com\/eu\/wp-json\/wp\/v2\/tags?post=1002"}],"curies":[{"name":"wp","href":"https:\/\/api.w.org\/{rel}","templated":true}]}}