{"id":1163,"date":"2022-07-23T16:38:34","date_gmt":"2022-07-23T14:38:34","guid":{"rendered":"https:\/\/tabanobike.com\/?page_id=1163"},"modified":"2022-09-15T16:47:30","modified_gmt":"2022-09-15T14:47:30","slug":"tourmalet-luz-ardiden","status":"publish","type":"page","link":"https:\/\/tabanobike.com\/eu\/rutas\/tourmalet-luz-ardiden\/","title":{"rendered":"Tourmalet &#8211; Luz Ardiden"},"content":{"rendered":"<p><strong>Irteera Lekua:<\/strong> Saligoseko aparkalekua Luz Saint Sauveur-en (Pirineoak) (Frantzia)<\/p>\n\n\n\n<p>Errepideko irteera, Luz-etik oso gertu dagoen Saligoseko aparkalekutik irtenda, hortik Tourmalet (18,7km, % 7,2)  ospetsua igotzen hasten gara, igoera gogorraren ondoren beste mendate mitiko bat igotzeko, Luz Ardiden (13,9km, % 7,4).<\/p>\n\n\n\n<p><strong>Kilometroak:<\/strong> 75km<\/p>\n\n\n\n<p><strong>Metroak<\/strong>: 2600m<\/p>\n\n\n\n<iframe loading=\"lazy\" class=\"alltrails\" src=\"https:\/\/www.alltrails.com\/es\/widget\/map\/tourmalet-luz-ardiden-536eece?hideName=true&amp;u=m\" scrolling=\"no\" marginheight=\"0\" marginwidth=\"0\" title=\"AllTrails: Trail Guides and Maps for Hiking, Camping, and Running\" width=\"100%\" height=\"800\" frameborder=\"0\"><\/iframe>\n\n\n\n<div class=\"wp-block-file\"><a href=\"https:\/\/tabanobike.com\/wp-content\/uploads\/2022\/07\/Tourmalet_Luz_Ardiden_.gpx\" class=\"wp-block-file__button\" download>Track-a Deskargatu<\/a><\/div>\n\n\n\n<div class=\"wp-block-kadence-advancedgallery kb-gallery-wrap-id-_100c44-27\"><div class=\"kb-gallery-ul kb-gallery-type-slider kb-gallery-id-_100c44-27 kb-gallery-caption-style-bottom-hover kb-gallery-filter-none\" data-image-filter=\"none\" data-lightbox-caption=\"true\"><div class=\"kt-blocks-carousel kt-carousel-container-dotstyle-dark\"><div class=\"kt-blocks-carousel-init kb-blocks-slider kt-carousel-arrowstyle-whiteondark kt-carousel-dotstyle-dark\" data-slider-anim-speed=\"400\" data-slider-type=\"slider\" data-slider-scroll=\"1\" data-slider-arrows=\"true\" data-slider-dots=\"true\" data-slider-hover-pause=\"false\" data-slider-auto=\"true\" data-slider-speed=\"7000\"><div class=\"kb-slide-item kb-gallery-slide-item\"><div class=\"kadence-blocks-gallery-item\"><div class=\"kadence-blocks-gallery-item-inner\"><figure class=\"kb-gallery-figure kadence-blocks-gallery-item-hide-caption kb-has-image-ratio-inherit\"><div class=\"kb-gal-image-radius\" style=\"max-width:1024px\"><div class=\"kb-gallery-image-contain kadence-blocks-gallery-intrinsic kb-gallery-image-ratio-inherit\"><img loading=\"lazy\" decoding=\"async\" src=\"https:\/\/tabanobike.com\/wp-content\/uploads\/2022\/07\/IMG_20220528_110427-1024x768.jpg\" width=\"1024\" height=\"768\" alt=\"\" data-full-image=\"https:\/\/tabanobike.com\/wp-content\/uploads\/2022\/07\/IMG_20220528_110427-scaled.jpg\" data-light-image=\"https:\/\/tabanobike.com\/wp-content\/uploads\/2022\/07\/IMG_20220528_110427-scaled.jpg\" data-id=\"1145\" data-link=\"https:\/\/tabanobike.com\/rutas\/img_20220528_110427\/\" class=\"wp-image-1145 skip-lazy\" srcset=\"https:\/\/tabanobike.com\/wp-content\/uploads\/2022\/07\/IMG_20220528_110427-1024x768.jpg 1024w, https:\/\/tabanobike.com\/wp-content\/uploads\/2022\/07\/IMG_20220528_110427-300x225.jpg 300w, https:\/\/tabanobike.com\/wp-content\/uploads\/2022\/07\/IMG_20220528_110427-768x576.jpg 768w, https:\/\/tabanobike.com\/wp-content\/uploads\/2022\/07\/IMG_20220528_110427-1536x1152.jpg 1536w, https:\/\/tabanobike.com\/wp-content\/uploads\/2022\/07\/IMG_20220528_110427-2048x1536.jpg 2048w, https:\/\/tabanobike.com\/wp-content\/uploads\/2022\/07\/IMG_20220528_110427-16x12.jpg 16w\" sizes=\"auto, (max-width: 1024px) 100vw, 1024px\" \/><\/div><\/div><\/figure><\/div><\/div><\/div><div class=\"kb-slide-item kb-gallery-slide-item\"><div class=\"kadence-blocks-gallery-item\"><div class=\"kadence-blocks-gallery-item-inner\"><figure class=\"kb-gallery-figure kadence-blocks-gallery-item-hide-caption kb-has-image-ratio-inherit\"><div class=\"kb-gal-image-radius\" style=\"max-width:1024px\"><div class=\"kb-gallery-image-contain kadence-blocks-gallery-intrinsic kb-gallery-image-ratio-inherit\"><img loading=\"lazy\" decoding=\"async\" src=\"https:\/\/tabanobike.com\/wp-content\/uploads\/2022\/07\/IMG_20220528_111207-1024x768.jpg\" width=\"1024\" height=\"768\" alt=\"\" data-full-image=\"https:\/\/tabanobike.com\/wp-content\/uploads\/2022\/07\/IMG_20220528_111207-scaled.jpg\" data-light-image=\"https:\/\/tabanobike.com\/wp-content\/uploads\/2022\/07\/IMG_20220528_111207-scaled.jpg\" data-id=\"1146\" data-link=\"https:\/\/tabanobike.com\/rutas\/img_20220528_111207\/\" class=\"wp-image-1146 skip-lazy\" srcset=\"https:\/\/tabanobike.com\/wp-content\/uploads\/2022\/07\/IMG_20220528_111207-1024x768.jpg 1024w, https:\/\/tabanobike.com\/wp-content\/uploads\/2022\/07\/IMG_20220528_111207-300x225.jpg 300w, https:\/\/tabanobike.com\/wp-content\/uploads\/2022\/07\/IMG_20220528_111207-768x576.jpg 768w, https:\/\/tabanobike.com\/wp-content\/uploads\/2022\/07\/IMG_20220528_111207-1536x1152.jpg 1536w, https:\/\/tabanobike.com\/wp-content\/uploads\/2022\/07\/IMG_20220528_111207-2048x1536.jpg 2048w, https:\/\/tabanobike.com\/wp-content\/uploads\/2022\/07\/IMG_20220528_111207-16x12.jpg 16w\" sizes=\"auto, (max-width: 1024px) 100vw, 1024px\" \/><\/div><\/div><\/figure><\/div><\/div><\/div><div class=\"kb-slide-item kb-gallery-slide-item\"><div class=\"kadence-blocks-gallery-item\"><div class=\"kadence-blocks-gallery-item-inner\"><figure class=\"kb-gallery-figure kadence-blocks-gallery-item-hide-caption kb-has-image-ratio-inherit\"><div class=\"kb-gal-image-radius\" style=\"max-width:1024px\"><div class=\"kb-gallery-image-contain kadence-blocks-gallery-intrinsic kb-gallery-image-ratio-inherit\"><img loading=\"lazy\" decoding=\"async\" src=\"https:\/\/tabanobike.com\/wp-content\/uploads\/2022\/07\/IMG_20220528_112144-1024x768.jpg\" width=\"1024\" height=\"768\" alt=\"\" data-full-image=\"https:\/\/tabanobike.com\/wp-content\/uploads\/2022\/07\/IMG_20220528_112144-scaled.jpg\" data-light-image=\"https:\/\/tabanobike.com\/wp-content\/uploads\/2022\/07\/IMG_20220528_112144-scaled.jpg\" data-id=\"1147\" data-link=\"https:\/\/tabanobike.com\/rutas\/img_20220528_112144\/\" class=\"wp-image-1147 skip-lazy\" srcset=\"https:\/\/tabanobike.com\/wp-content\/uploads\/2022\/07\/IMG_20220528_112144-1024x768.jpg 1024w, https:\/\/tabanobike.com\/wp-content\/uploads\/2022\/07\/IMG_20220528_112144-300x225.jpg 300w, https:\/\/tabanobike.com\/wp-content\/uploads\/2022\/07\/IMG_20220528_112144-768x576.jpg 768w, https:\/\/tabanobike.com\/wp-content\/uploads\/2022\/07\/IMG_20220528_112144-1536x1152.jpg 1536w, https:\/\/tabanobike.com\/wp-content\/uploads\/2022\/07\/IMG_20220528_112144-2048x1536.jpg 2048w, https:\/\/tabanobike.com\/wp-content\/uploads\/2022\/07\/IMG_20220528_112144-16x12.jpg 16w\" sizes=\"auto, (max-width: 1024px) 100vw, 1024px\" \/><\/div><\/div><\/figure><\/div><\/div><\/div><div class=\"kb-slide-item kb-gallery-slide-item\"><div class=\"kadence-blocks-gallery-item\"><div class=\"kadence-blocks-gallery-item-inner\"><figure class=\"kb-gallery-figure kadence-blocks-gallery-item-hide-caption kb-has-image-ratio-inherit\"><div class=\"kb-gal-image-radius\" style=\"max-width:1024px\"><div class=\"kb-gallery-image-contain kadence-blocks-gallery-intrinsic kb-gallery-image-ratio-inherit\"><img loading=\"lazy\" decoding=\"async\" src=\"https:\/\/tabanobike.com\/wp-content\/uploads\/2022\/07\/IMG_20220528_113728-1024x768.jpg\" width=\"1024\" height=\"768\" alt=\"\" data-full-image=\"https:\/\/tabanobike.com\/wp-content\/uploads\/2022\/07\/IMG_20220528_113728-scaled.jpg\" data-light-image=\"https:\/\/tabanobike.com\/wp-content\/uploads\/2022\/07\/IMG_20220528_113728-scaled.jpg\" data-id=\"1148\" data-link=\"https:\/\/tabanobike.com\/rutas\/img_20220528_113728\/\" class=\"wp-image-1148 skip-lazy\" srcset=\"https:\/\/tabanobike.com\/wp-content\/uploads\/2022\/07\/IMG_20220528_113728-1024x768.jpg 1024w, https:\/\/tabanobike.com\/wp-content\/uploads\/2022\/07\/IMG_20220528_113728-300x225.jpg 300w, https:\/\/tabanobike.com\/wp-content\/uploads\/2022\/07\/IMG_20220528_113728-768x576.jpg 768w, https:\/\/tabanobike.com\/wp-content\/uploads\/2022\/07\/IMG_20220528_113728-1536x1152.jpg 1536w, https:\/\/tabanobike.com\/wp-content\/uploads\/2022\/07\/IMG_20220528_113728-2048x1536.jpg 2048w, https:\/\/tabanobike.com\/wp-content\/uploads\/2022\/07\/IMG_20220528_113728-16x12.jpg 16w\" sizes=\"auto, (max-width: 1024px) 100vw, 1024px\" \/><\/div><\/div><\/figure><\/div><\/div><\/div><div class=\"kb-slide-item kb-gallery-slide-item\"><div class=\"kadence-blocks-gallery-item\"><div class=\"kadence-blocks-gallery-item-inner\"><figure class=\"kb-gallery-figure kadence-blocks-gallery-item-hide-caption kb-has-image-ratio-inherit\"><div class=\"kb-gal-image-radius\" style=\"max-width:1024px\"><div class=\"kb-gallery-image-contain kadence-blocks-gallery-intrinsic kb-gallery-image-ratio-inherit\"><img loading=\"lazy\" decoding=\"async\" src=\"https:\/\/tabanobike.com\/wp-content\/uploads\/2022\/07\/IMG_20220528_114459-1024x768.jpg\" width=\"1024\" height=\"768\" alt=\"\" data-full-image=\"https:\/\/tabanobike.com\/wp-content\/uploads\/2022\/07\/IMG_20220528_114459-scaled.jpg\" data-light-image=\"https:\/\/tabanobike.com\/wp-content\/uploads\/2022\/07\/IMG_20220528_114459-scaled.jpg\" data-id=\"1149\" data-link=\"https:\/\/tabanobike.com\/rutas\/img_20220528_114459\/\" class=\"wp-image-1149 skip-lazy\" srcset=\"https:\/\/tabanobike.com\/wp-content\/uploads\/2022\/07\/IMG_20220528_114459-1024x768.jpg 1024w, https:\/\/tabanobike.com\/wp-content\/uploads\/2022\/07\/IMG_20220528_114459-300x225.jpg 300w, https:\/\/tabanobike.com\/wp-content\/uploads\/2022\/07\/IMG_20220528_114459-768x576.jpg 768w, https:\/\/tabanobike.com\/wp-content\/uploads\/2022\/07\/IMG_20220528_114459-1536x1152.jpg 1536w, https:\/\/tabanobike.com\/wp-content\/uploads\/2022\/07\/IMG_20220528_114459-2048x1536.jpg 2048w, https:\/\/tabanobike.com\/wp-content\/uploads\/2022\/07\/IMG_20220528_114459-16x12.jpg 16w\" sizes=\"auto, (max-width: 1024px) 100vw, 1024px\" \/><\/div><\/div><\/figure><\/div><\/div><\/div><div class=\"kb-slide-item kb-gallery-slide-item\"><div class=\"kadence-blocks-gallery-item\"><div class=\"kadence-blocks-gallery-item-inner\"><figure class=\"kb-gallery-figure kadence-blocks-gallery-item-hide-caption kb-has-image-ratio-inherit\"><div class=\"kb-gal-image-radius\" style=\"max-width:768px\"><div class=\"kb-gallery-image-contain kadence-blocks-gallery-intrinsic kb-gallery-image-ratio-inherit\"><img loading=\"lazy\" decoding=\"async\" src=\"https:\/\/tabanobike.com\/wp-content\/uploads\/2022\/07\/IMG_20220528_114832-768x1024.jpg\" width=\"768\" height=\"1024\" alt=\"\" data-full-image=\"https:\/\/tabanobike.com\/wp-content\/uploads\/2022\/07\/IMG_20220528_114832-scaled.jpg\" data-light-image=\"https:\/\/tabanobike.com\/wp-content\/uploads\/2022\/07\/IMG_20220528_114832-scaled.jpg\" data-id=\"1150\" data-link=\"https:\/\/tabanobike.com\/rutas\/img_20220528_114832\/\" class=\"wp-image-1150 skip-lazy\" srcset=\"https:\/\/tabanobike.com\/wp-content\/uploads\/2022\/07\/IMG_20220528_114832-768x1024.jpg 768w, https:\/\/tabanobike.com\/wp-content\/uploads\/2022\/07\/IMG_20220528_114832-225x300.jpg 225w, https:\/\/tabanobike.com\/wp-content\/uploads\/2022\/07\/IMG_20220528_114832-1152x1536.jpg 1152w, https:\/\/tabanobike.com\/wp-content\/uploads\/2022\/07\/IMG_20220528_114832-1536x2048.jpg 1536w, https:\/\/tabanobike.com\/wp-content\/uploads\/2022\/07\/IMG_20220528_114832-9x12.jpg 9w, https:\/\/tabanobike.com\/wp-content\/uploads\/2022\/07\/IMG_20220528_114832-scaled.jpg 1920w\" sizes=\"auto, (max-width: 768px) 100vw, 768px\" \/><\/div><\/div><\/figure><\/div><\/div><\/div><div class=\"kb-slide-item kb-gallery-slide-item\"><div class=\"kadence-blocks-gallery-item\"><div class=\"kadence-blocks-gallery-item-inner\"><figure class=\"kb-gallery-figure kadence-blocks-gallery-item-hide-caption kb-has-image-ratio-inherit\"><div class=\"kb-gal-image-radius\" style=\"max-width:1024px\"><div class=\"kb-gallery-image-contain kadence-blocks-gallery-intrinsic kb-gallery-image-ratio-inherit\"><img loading=\"lazy\" decoding=\"async\" src=\"https:\/\/tabanobike.com\/wp-content\/uploads\/2022\/07\/IMG_20220528_141254-1024x768.jpg\" width=\"1024\" height=\"768\" alt=\"\" data-full-image=\"https:\/\/tabanobike.com\/wp-content\/uploads\/2022\/07\/IMG_20220528_141254-scaled.jpg\" data-light-image=\"https:\/\/tabanobike.com\/wp-content\/uploads\/2022\/07\/IMG_20220528_141254-scaled.jpg\" data-id=\"1153\" data-link=\"https:\/\/tabanobike.com\/rutas\/img_20220528_141254\/\" class=\"wp-image-1153 skip-lazy\" srcset=\"https:\/\/tabanobike.com\/wp-content\/uploads\/2022\/07\/IMG_20220528_141254-1024x768.jpg 1024w, https:\/\/tabanobike.com\/wp-content\/uploads\/2022\/07\/IMG_20220528_141254-300x225.jpg 300w, https:\/\/tabanobike.com\/wp-content\/uploads\/2022\/07\/IMG_20220528_141254-768x576.jpg 768w, https:\/\/tabanobike.com\/wp-content\/uploads\/2022\/07\/IMG_20220528_141254-1536x1152.jpg 1536w, https:\/\/tabanobike.com\/wp-content\/uploads\/2022\/07\/IMG_20220528_141254-2048x1536.jpg 2048w, https:\/\/tabanobike.com\/wp-content\/uploads\/2022\/07\/IMG_20220528_141254-16x12.jpg 16w\" sizes=\"auto, (max-width: 1024px) 100vw, 1024px\" \/><\/div><\/div><\/figure><\/div><\/div><\/div><div class=\"kb-slide-item kb-gallery-slide-item\"><div class=\"kadence-blocks-gallery-item\"><div class=\"kadence-blocks-gallery-item-inner\"><figure class=\"kb-gallery-figure kadence-blocks-gallery-item-hide-caption kb-has-image-ratio-inherit\"><div class=\"kb-gal-image-radius\"><div class=\"kb-gallery-image-contain kadence-blocks-gallery-intrinsic kb-gallery-image-ratio-inherit\"><img decoding=\"async\" src=\"https:\/\/tabanobike.com\/wp-content\/uploads\/2022\/07\/IMG_20220528_140319.jpg\" alt=\"\" data-full-image=\"https:\/\/tabanobike.com\/wp-content\/uploads\/2022\/07\/IMG_20220528_140319.jpg\" data-light-image=\"https:\/\/tabanobike.com\/wp-content\/uploads\/2022\/07\/IMG_20220528_140319.jpg\" data-id=\"1152\" data-link=\"https:\/\/tabanobike.com\/rutas\/img_20220528_140319\/\" class=\"wp-image-1152 skip-lazy\"\/><\/div><\/div><\/figure><\/div><\/div><\/div><\/div><\/div><\/div><\/div>\n\n\n\n<p><\/p>","protected":false},"excerpt":{"rendered":"<p>Lugar de salida: Parking Saligos en Luz Saint Sauveur(Pirineos) (Francia) Salida de carretera saliendo desde el parking de Saligos, muy cercano a Luz, desde ah\u00ed comenzamos con la ascensi\u00f3n al famoso Tourmalet (18,7km , 7,2%) despu\u00e9s de la dura ascensi\u00f3n &hellip; <a href=\"https:\/\/tabanobike.com\/eu\/rutas\/tourmalet-luz-ardiden\/\">Continued<\/a><\/p>","protected":false},"author":1,"featured_media":1149,"parent":147,"menu_order":0,"comment_status":"closed","ping_status":"closed","template":"","meta":{"kt_blocks_editor_width":"","footnotes":""},"categories":[11,14],"tags":[],"class_list":["post-1163","page","type-page","status-publish","has-post-thumbnail","hentry","category-carretera","category-pirineos"],"aioseo_notices":[],"_links":{"self":[{"href":"https:\/\/tabanobike.com\/eu\/wp-json\/wp\/v2\/pages\/1163","targetHints":{"allow":["GET"]}}],"collection":[{"href":"https:\/\/tabanobike.com\/eu\/wp-json\/wp\/v2\/pages"}],"about":[{"href":"https:\/\/tabanobike.com\/eu\/wp-json\/wp\/v2\/types\/page"}],"author":[{"embeddable":true,"href":"https:\/\/tabanobike.com\/eu\/wp-json\/wp\/v2\/users\/1"}],"replies":[{"embeddable":true,"href":"https:\/\/tabanobike.com\/eu\/wp-json\/wp\/v2\/comments?post=1163"}],"version-history":[{"count":5,"href":"https:\/\/tabanobike.com\/eu\/wp-json\/wp\/v2\/pages\/1163\/revisions"}],"predecessor-version":[{"id":1174,"href":"https:\/\/tabanobike.com\/eu\/wp-json\/wp\/v2\/pages\/1163\/revisions\/1174"}],"up":[{"embeddable":true,"href":"https:\/\/tabanobike.com\/eu\/wp-json\/wp\/v2\/pages\/147"}],"wp:featuredmedia":[{"embeddable":true,"href":"https:\/\/tabanobike.com\/eu\/wp-json\/wp\/v2\/media\/1149"}],"wp:attachment":[{"href":"https:\/\/tabanobike.com\/eu\/wp-json\/wp\/v2\/media?parent=1163"}],"wp:term":[{"taxonomy":"category","embeddable":true,"href":"https:\/\/tabanobike.com\/eu\/wp-json\/wp\/v2\/categories?post=1163"},{"taxonomy":"post_tag","embeddable":true,"href":"https:\/\/tabanobike.com\/eu\/wp-json\/wp\/v2\/tags?post=1163"}],"curies":[{"name":"wp","href":"https:\/\/api.w.org\/{rel}","templated":true}]}}