{"id":1250,"date":"2022-10-17T22:04:55","date_gmt":"2022-10-17T20:04:55","guid":{"rendered":"https:\/\/tabanobike.com\/?page_id=1250"},"modified":"2022-10-21T19:08:54","modified_gmt":"2022-10-21T17:08:54","slug":"urturi-izki","status":"publish","type":"page","link":"https:\/\/tabanobike.com\/eu\/rutas\/urturi-izki\/","title":{"rendered":"Urturi &#8211; Izki"},"content":{"rendered":"<p><strong>Irteera Lekua:<\/strong> Urturi (Alaba), Urturi Golf<\/p>\n\n\n\n<p>Salida de monta\u00f1a, en esta ocasi\u00f3n partiendo de Urturi, centro de acogida btt, haremos una ruta diferente por los alrededores del parque visitando lugares de gran inter\u00e9s. Bernedo ser\u00e1 la primera poblaci\u00f3n que cruzaremos para tomar la senda de los carboneros y caleros en las cercan\u00edas del Santuario de Ntra. Sra. de Oc\u00f3n, en las faldas de la sierra Cantabria.<\/p>\n\n\n\n<p>Llegados a Lagr\u00e1n tomaremos el GR-38 , por aqu\u00ed llegaremos a La\u00f1o (condado de Trevi\u00f1o) para visitar Las Gobas, declarados Bien de Inter\u00e9s Cultural. Se trata de un conjunto de cuevas artificiales habitadas entre los s.IV &#8211; XI por eremitas.<\/p>\n\n\n\n<p>Por pista entraremos en bosque de haya para dirigirnos a Bajauri, hist\u00f3ricamente pueblo carbonero, de all\u00ed a Obecuri, antigua poblaci\u00f3n que bien merece una visita. Pasaremos junto al humilladero renacentista de Santo Cristo con un espectacular p\u00f3rtico cubierto con un artesonado de pi\u00f1as y flores. Por la carretera de Bernedo nos desviamos para regresar a Urturi final de etapa. <\/p>\n\n\n\n<p><strong>Kilometroak:<\/strong> 41km<\/p>\n\n\n\n<p><strong>Metroak<\/strong>: 850m<\/p>\n\n\n\n<iframe loading=\"lazy\" class=\"alltrails\" src=\"https:\/\/www.alltrails.com\/es\/widget\/map\/urturi-izki-e7e69cd?u=m\" scrolling=\"no\" marginheight=\"0\" marginwidth=\"0\" title=\"AllTrails: Trail Guides and Maps for Hiking, Camping, and Running\" width=\"100%\" height=\"800\" frameborder=\"0\"><\/iframe>\n\n\n\n<div class=\"wp-block-file\"><a href=\"https:\/\/tabanobike.com\/wp-content\/uploads\/2022\/10\/URTURI-IZKI.gpx\" class=\"wp-block-file__button\" download>Track-a Deskargatu<\/a><\/div>\n\n\n\n<p><\/p>\n\n\n\n<figure class=\"wp-block-embed is-type-video is-provider-youtube wp-block-embed-youtube wp-embed-aspect-16-9 wp-has-aspect-ratio\"><div class=\"wp-block-embed__wrapper\">\n<iframe loading=\"lazy\" title=\"Urturi - Izki\" width=\"1140\" height=\"641\" src=\"https:\/\/www.youtube.com\/embed\/oRHu5XRRZlw?feature=oembed\" frameborder=\"0\" allow=\"accelerometer; autoplay; clipboard-write; encrypted-media; gyroscope; picture-in-picture\" allowfullscreen><\/iframe>\n<\/div><\/figure>","protected":false},"excerpt":{"rendered":"<p>Lugar de salida: Urturi (Alaba), Urturi Golf Salida de monta\u00f1a, en esta ocasi\u00f3n partiendo de Urturi, centro de acogida btt, haremos una ruta diferente por los alrededores del parque visitando lugares de gran inter\u00e9s. Bernedo ser\u00e1 la primera poblaci\u00f3n que &hellip; <a href=\"https:\/\/tabanobike.com\/eu\/rutas\/urturi-izki\/\">Continued<\/a><\/p>","protected":false},"author":1,"featured_media":1264,"parent":147,"menu_order":0,"comment_status":"closed","ping_status":"closed","template":"","meta":{"kt_blocks_editor_width":"","footnotes":""},"categories":[12,8],"tags":[],"class_list":["post-1250","page","type-page","status-publish","has-post-thumbnail","hentry","category-mtb","category-euskadi"],"aioseo_notices":[],"_links":{"self":[{"href":"https:\/\/tabanobike.com\/eu\/wp-json\/wp\/v2\/pages\/1250","targetHints":{"allow":["GET"]}}],"collection":[{"href":"https:\/\/tabanobike.com\/eu\/wp-json\/wp\/v2\/pages"}],"about":[{"href":"https:\/\/tabanobike.com\/eu\/wp-json\/wp\/v2\/types\/page"}],"author":[{"embeddable":true,"href":"https:\/\/tabanobike.com\/eu\/wp-json\/wp\/v2\/users\/1"}],"replies":[{"embeddable":true,"href":"https:\/\/tabanobike.com\/eu\/wp-json\/wp\/v2\/comments?post=1250"}],"version-history":[{"count":6,"href":"https:\/\/tabanobike.com\/eu\/wp-json\/wp\/v2\/pages\/1250\/revisions"}],"predecessor-version":[{"id":1265,"href":"https:\/\/tabanobike.com\/eu\/wp-json\/wp\/v2\/pages\/1250\/revisions\/1265"}],"up":[{"embeddable":true,"href":"https:\/\/tabanobike.com\/eu\/wp-json\/wp\/v2\/pages\/147"}],"wp:featuredmedia":[{"embeddable":true,"href":"https:\/\/tabanobike.com\/eu\/wp-json\/wp\/v2\/media\/1264"}],"wp:attachment":[{"href":"https:\/\/tabanobike.com\/eu\/wp-json\/wp\/v2\/media?parent=1250"}],"wp:term":[{"taxonomy":"category","embeddable":true,"href":"https:\/\/tabanobike.com\/eu\/wp-json\/wp\/v2\/categories?post=1250"},{"taxonomy":"post_tag","embeddable":true,"href":"https:\/\/tabanobike.com\/eu\/wp-json\/wp\/v2\/tags?post=1250"}],"curies":[{"name":"wp","href":"https:\/\/api.w.org\/{rel}","templated":true}]}}