{"id":1336,"date":"2022-11-16T14:17:45","date_gmt":"2022-11-16T13:17:45","guid":{"rendered":"https:\/\/tabanobike.com\/?page_id=1336"},"modified":"2023-01-16T21:08:54","modified_gmt":"2023-01-16T20:08:54","slug":"soria","status":"publish","type":"page","link":"https:\/\/tabanobike.com\/eu\/soria\/","title":{"rendered":"Soria"},"content":{"rendered":"<style>.wp-show-posts-columns#wpsp-1353 {margin-left: -2em; }.wp-show-posts-columns#wpsp-1353 .wp-show-posts-inner {margin: 0 0 2em 2em; }<\/style><section id=\"wpsp-1353\" class=\"wp-show-posts-columns wp-show-posts\" style=\"\"><article class=\"wp-show-posts-single post-1346 page type-page status-publish has-post-thumbnail hentry category-mtb category-soria wpsp-col-4\" itemtype=\"http:\/\/schema.org\/CreativeWork\" itemscope><div class=\"wp-show-posts-inner\" style=\"\">\t\t<div class=\"wp-show-posts-image  wpsp-image-center\">\n\t\t\t<a href=\"https:\/\/tabanobike.com\/eu\/rutas\/canon-del-rio-lobos\/\"  title=\"Ca\u00f1\u00f3n del Rio Lobos\"><img loading=\"lazy\" decoding=\"async\" width=\"2560\" height=\"1920\" src=\"https:\/\/tabanobike.com\/wp-content\/uploads\/2023\/01\/IMG_20221030_095016-scaled.jpg\" class=\"attachment-full size-full wp-post-image\" alt=\"\" itemprop=\"image\" srcset=\"https:\/\/tabanobike.com\/wp-content\/uploads\/2023\/01\/IMG_20221030_095016-scaled.jpg 2560w, https:\/\/tabanobike.com\/wp-content\/uploads\/2023\/01\/IMG_20221030_095016-300x225.jpg 300w, https:\/\/tabanobike.com\/wp-content\/uploads\/2023\/01\/IMG_20221030_095016-1024x768.jpg 1024w, https:\/\/tabanobike.com\/wp-content\/uploads\/2023\/01\/IMG_20221030_095016-768x576.jpg 768w, https:\/\/tabanobike.com\/wp-content\/uploads\/2023\/01\/IMG_20221030_095016-1536x1152.jpg 1536w, https:\/\/tabanobike.com\/wp-content\/uploads\/2023\/01\/IMG_20221030_095016-2048x1536.jpg 2048w, https:\/\/tabanobike.com\/wp-content\/uploads\/2023\/01\/IMG_20221030_095016-16x12.jpg 16w\" sizes=\"auto, (max-width: 2560px) 100vw, 2560px\" \/><\/a>\t\t<\/div>\n\t\t\t\t\t\t\t\t<header class=\"wp-show-posts-entry-header\">\n\t\t\t\t\t\t\t<h2 class=\"wp-show-posts-entry-title\" itemprop=\"headline\"><a href=\"https:\/\/tabanobike.com\/eu\/rutas\/canon-del-rio-lobos\/\" rel=\"bookmark\">Ca\u00f1\u00f3n del Rio Lobos<\/a><\/h2><div class=\"wp-show-posts-entry-meta wp-show-posts-entry-meta-below-title post-meta-inline\"><span class=\"wp-show-posts-posted-on wp-show-posts-meta\">\n\t\t\t\t\t<a href=\"https:\/\/tabanobike.com\/eu\/rutas\/canon-del-rio-lobos\/\" title=\"\" rel=\"bookmark\"><time class=\"wp-show-posts-entry-date published\" datetime=\"2023-01-16T21:05:47+01:00\" itemprop=\"datePublished\"><\/time><time class=\"wp-show-posts-updated\" datetime=\"2023-10-22T18:26:22+02:00\" itemprop=\"dateModified\"><\/time><\/a>\n\t\t\t\t<\/span><\/div>\t\t\t\t\t\t<\/header><!-- .entry-header -->\n\t\t\t\t\t\t\t\t\t\t\t<div class=\"wp-show-posts-entry-summary\" itemprop=\"text\">\n\t\t\t\t\t\t\t<p>Lugar de salida: Ucero (Soria) Salida de monta\u00f1a desde Ucero, para disfrutar del espectacular Ca\u00f1on del Rio Lobos y el GR-86, una ruta apta para todos los p\u00fablicos que nos&#8230;<\/p>\n\t\t\t\t\t\t<\/div><!-- .entry-summary -->\n\t\t\t\t\t<\/div><!-- wp-show-posts-inner --><\/article><div class=\"wpsp-clear\"><\/div><\/section><!-- .wp-show-posts -->\n\n\n\n<p><\/p>","protected":false},"excerpt":{"rendered":"","protected":false},"author":1,"featured_media":0,"parent":0,"menu_order":0,"comment_status":"closed","ping_status":"closed","template":"page-fullwidth.php","meta":{"kt_blocks_editor_width":"","footnotes":""},"categories":[19],"tags":[],"class_list":["post-1336","page","type-page","status-publish","hentry","category-indice"],"aioseo_notices":[],"_links":{"self":[{"href":"https:\/\/tabanobike.com\/eu\/wp-json\/wp\/v2\/pages\/1336","targetHints":{"allow":["GET"]}}],"collection":[{"href":"https:\/\/tabanobike.com\/eu\/wp-json\/wp\/v2\/pages"}],"about":[{"href":"https:\/\/tabanobike.com\/eu\/wp-json\/wp\/v2\/types\/page"}],"author":[{"embeddable":true,"href":"https:\/\/tabanobike.com\/eu\/wp-json\/wp\/v2\/users\/1"}],"replies":[{"embeddable":true,"href":"https:\/\/tabanobike.com\/eu\/wp-json\/wp\/v2\/comments?post=1336"}],"version-history":[{"count":2,"href":"https:\/\/tabanobike.com\/eu\/wp-json\/wp\/v2\/pages\/1336\/revisions"}],"predecessor-version":[{"id":1354,"href":"https:\/\/tabanobike.com\/eu\/wp-json\/wp\/v2\/pages\/1336\/revisions\/1354"}],"wp:attachment":[{"href":"https:\/\/tabanobike.com\/eu\/wp-json\/wp\/v2\/media?parent=1336"}],"wp:term":[{"taxonomy":"category","embeddable":true,"href":"https:\/\/tabanobike.com\/eu\/wp-json\/wp\/v2\/categories?post=1336"},{"taxonomy":"post_tag","embeddable":true,"href":"https:\/\/tabanobike.com\/eu\/wp-json\/wp\/v2\/tags?post=1336"}],"curies":[{"name":"wp","href":"https:\/\/api.w.org\/{rel}","templated":true}]}}