{"id":1346,"date":"2023-01-16T21:05:47","date_gmt":"2023-01-16T20:05:47","guid":{"rendered":"https:\/\/tabanobike.com\/?page_id=1346"},"modified":"2023-10-22T18:26:22","modified_gmt":"2023-10-22T16:26:22","slug":"canon-del-rio-lobos","status":"publish","type":"page","link":"https:\/\/tabanobike.com\/eu\/rutas\/canon-del-rio-lobos\/","title":{"rendered":"Ca\u00f1\u00f3n del Rio Lobos"},"content":{"rendered":"<p><strong>Irteera Lekua:<\/strong> Ucero (Soria)<\/p>\n\n\n\n<p>Salida de monta\u00f1a desde Ucero, para disfrutar del espectacular Ca\u00f1on del Rio Lobos y el GR-86, una ruta apta para todos los p\u00fablicos que nos dejar\u00e1 con la boca abierta por su gran valor paisaj\u00edstico. <\/p>\n\n\n\n<p><strong>Kilometroak:<\/strong> 63km<\/p>\n\n\n\n<p><strong>Metroak<\/strong>: 762m<\/p>\n\n\n\n<iframe loading=\"lazy\" class=\"alltrails\" src=\"https:\/\/www.alltrails.com\/es\/widget\/map\/map-445e24b--60?u=m\" width=\"100%\" height=\"800\" frameborder=\"0\" scrolling=\"no\" marginheight=\"0\" marginwidth=\"0\" title=\"AllTrails: Trail Guides and Maps for Hiking, Camping, and Running\"><\/iframe>\n\n\n\n<div class=\"wp-block-file\"><a href=\"https:\/\/tabanobike.com\/wp-content\/uploads\/2023\/10\/Canon-del-Rio-Lobos-Bikeibar.gpx\" class=\"wp-block-file__button wp-element-button\" download>Track-a Deskargatu<\/a><\/div>\n\n\n\n<figure class=\"wp-block-embed is-type-video is-provider-youtube wp-block-embed-youtube wp-embed-aspect-16-9 wp-has-aspect-ratio\"><div class=\"wp-block-embed__wrapper\">\n<iframe loading=\"lazy\" title=\"Ca\u00f1on del Rio Lobos - Tabanobike\" width=\"1140\" height=\"641\" src=\"https:\/\/www.youtube.com\/embed\/NgCP9aeVBPE?feature=oembed\" frameborder=\"0\" allow=\"accelerometer; autoplay; clipboard-write; encrypted-media; gyroscope; picture-in-picture; web-share\" allowfullscreen><\/iframe>\n<\/div><\/figure>","protected":false},"excerpt":{"rendered":"<p>Lugar de salida: Ucero (Soria) Salida de monta\u00f1a desde Ucero, para disfrutar del espectacular Ca\u00f1on del Rio Lobos y el GR-86, una ruta apta para todos los p\u00fablicos que nos dejar\u00e1 con la boca abierta por su gran valor paisaj\u00edstico. &hellip; <a href=\"https:\/\/tabanobike.com\/eu\/rutas\/canon-del-rio-lobos\/\">Continued<\/a><\/p>","protected":false},"author":1,"featured_media":1351,"parent":147,"menu_order":0,"comment_status":"closed","ping_status":"closed","template":"","meta":{"kt_blocks_editor_width":"","footnotes":""},"categories":[12,28],"tags":[],"class_list":["post-1346","page","type-page","status-publish","has-post-thumbnail","hentry","category-mtb","category-soria"],"aioseo_notices":[],"_links":{"self":[{"href":"https:\/\/tabanobike.com\/eu\/wp-json\/wp\/v2\/pages\/1346","targetHints":{"allow":["GET"]}}],"collection":[{"href":"https:\/\/tabanobike.com\/eu\/wp-json\/wp\/v2\/pages"}],"about":[{"href":"https:\/\/tabanobike.com\/eu\/wp-json\/wp\/v2\/types\/page"}],"author":[{"embeddable":true,"href":"https:\/\/tabanobike.com\/eu\/wp-json\/wp\/v2\/users\/1"}],"replies":[{"embeddable":true,"href":"https:\/\/tabanobike.com\/eu\/wp-json\/wp\/v2\/comments?post=1346"}],"version-history":[{"count":7,"href":"https:\/\/tabanobike.com\/eu\/wp-json\/wp\/v2\/pages\/1346\/revisions"}],"predecessor-version":[{"id":1364,"href":"https:\/\/tabanobike.com\/eu\/wp-json\/wp\/v2\/pages\/1346\/revisions\/1364"}],"up":[{"embeddable":true,"href":"https:\/\/tabanobike.com\/eu\/wp-json\/wp\/v2\/pages\/147"}],"wp:featuredmedia":[{"embeddable":true,"href":"https:\/\/tabanobike.com\/eu\/wp-json\/wp\/v2\/media\/1351"}],"wp:attachment":[{"href":"https:\/\/tabanobike.com\/eu\/wp-json\/wp\/v2\/media?parent=1346"}],"wp:term":[{"taxonomy":"category","embeddable":true,"href":"https:\/\/tabanobike.com\/eu\/wp-json\/wp\/v2\/categories?post=1346"},{"taxonomy":"post_tag","embeddable":true,"href":"https:\/\/tabanobike.com\/eu\/wp-json\/wp\/v2\/tags?post=1346"}],"curies":[{"name":"wp","href":"https:\/\/api.w.org\/{rel}","templated":true}]}}