{"id":331,"date":"2022-01-19T21:25:00","date_gmt":"2022-01-19T20:25:00","guid":{"rendered":"http:\/\/localhost\/tabanofilms\/?page_id=331"},"modified":"2022-02-18T15:43:49","modified_gmt":"2022-02-18T14:43:49","slug":"sierra-de-francia","status":"publish","type":"page","link":"https:\/\/tabanobike.com\/eu\/sierra-de-francia\/","title":{"rendered":"Sierra De Francia"},"content":{"rendered":"<style>.wp-show-posts-columns#wpsp-337 {margin-left: -2em; }.wp-show-posts-columns#wpsp-337 .wp-show-posts-inner {margin: 0 0 2em 2em; }<\/style><section id=\"wpsp-337\" class=\"wp-show-posts-columns wp-show-posts\" style=\"\"><article class=\"wp-show-posts-single post-1197 page type-page status-publish has-post-thumbnail hentry category-carretera category-rutas category-sierra-de-francia wpsp-col-4\" itemtype=\"http:\/\/schema.org\/CreativeWork\" itemscope><div class=\"wp-show-posts-inner\" style=\"\">\t\t<div class=\"wp-show-posts-image  wpsp-image-center\">\n\t\t\t<a href=\"https:\/\/tabanobike.com\/eu\/rutas\/valero-puerto-de-la-calderilla-pena-de-francia\/\"  title=\"Valero &#8211; Puerto de la Calderilla &#8211; Pe\u00f1a de Francia\"><img loading=\"lazy\" decoding=\"async\" width=\"2000\" height=\"1496\" src=\"https:\/\/tabanobike.com\/wp-content\/uploads\/2022\/09\/IMG-20220813-WA0015.jpg\" class=\"attachment-full size-full wp-post-image\" alt=\"\" itemprop=\"image\" srcset=\"https:\/\/tabanobike.com\/wp-content\/uploads\/2022\/09\/IMG-20220813-WA0015.jpg 2000w, https:\/\/tabanobike.com\/wp-content\/uploads\/2022\/09\/IMG-20220813-WA0015-300x224.jpg 300w, https:\/\/tabanobike.com\/wp-content\/uploads\/2022\/09\/IMG-20220813-WA0015-1024x766.jpg 1024w, https:\/\/tabanobike.com\/wp-content\/uploads\/2022\/09\/IMG-20220813-WA0015-768x574.jpg 768w, https:\/\/tabanobike.com\/wp-content\/uploads\/2022\/09\/IMG-20220813-WA0015-1536x1149.jpg 1536w, https:\/\/tabanobike.com\/wp-content\/uploads\/2022\/09\/IMG-20220813-WA0015-16x12.jpg 16w\" sizes=\"auto, (max-width: 2000px) 100vw, 2000px\" \/><\/a>\t\t<\/div>\n\t\t\t\t\t\t\t\t<header class=\"wp-show-posts-entry-header\">\n\t\t\t\t\t\t\t<h4 class=\"wp-show-posts-entry-title\" itemprop=\"headline\"><a href=\"https:\/\/tabanobike.com\/eu\/rutas\/valero-puerto-de-la-calderilla-pena-de-francia\/\" rel=\"bookmark\">Valero &#8211; Puerto de la Calderilla &#8211; Pe\u00f1a de Francia<\/a><\/h4><div class=\"wp-show-posts-entry-meta wp-show-posts-entry-meta-below-title post-meta-inline\"><span class=\"wp-show-posts-posted-on wp-show-posts-meta\">\n\t\t\t\t\t<a href=\"https:\/\/tabanobike.com\/eu\/rutas\/valero-puerto-de-la-calderilla-pena-de-francia\/\" title=\"\" rel=\"bookmark\"><time class=\"wp-show-posts-entry-date published\" datetime=\"2022-09-15T17:54:07+02:00\" itemprop=\"datePublished\"><\/time><time class=\"wp-show-posts-updated\" datetime=\"2022-09-17T19:10:55+02:00\" itemprop=\"dateModified\"><\/time><\/a>\n\t\t\t\t<\/span><\/div>\t\t\t\t\t\t<\/header><!-- .entry-header -->\n\t\t\t\t\t\t\t\t\t\t\t<div class=\"wp-show-posts-entry-summary\" itemprop=\"text\">\n\t\t\t\t\t\t\t<p>Lugar de salida: La Alberca (Salamanca) Salida de carretera desde La Alberca &#8211; San Martin del Casta\u00f1ar &#8211; Valero &#8211; Puerto de la Calderilla &#8211; Pe\u00f1a de Francia Kilometros totales:&#8230;<\/p>\n\t\t\t\t\t\t<\/div><!-- .entry-summary -->\n\t\t\t\t\t<div class=\"wpsp-read-more\"><a title=\"Valero &#8211; Puerto de la Calderilla &#8211; Pe\u00f1a de Francia\" class=\"wp-show-posts-read-more\" href=\"https:\/\/tabanobike.com\/eu\/rutas\/valero-puerto-de-la-calderilla-pena-de-francia\/\">Sartu<\/a><\/div><\/div><!-- wp-show-posts-inner --><\/article><article class=\"wp-show-posts-single post-1184 page type-page status-publish has-post-thumbnail hentry category-mtb category-rutas category-sierra-de-francia wpsp-col-4\" itemtype=\"http:\/\/schema.org\/CreativeWork\" itemscope><div class=\"wp-show-posts-inner\" style=\"\">\t\t<div class=\"wp-show-posts-image  wpsp-image-center\">\n\t\t\t<a href=\"https:\/\/tabanobike.com\/eu\/rutas\/la-alberca-herguijuela-miranda-casas-del-conde\/\"  title=\"La Alberca &#8211; Herguijuela &#8211; Miranda &#8211; Casas del Conde\"><img loading=\"lazy\" decoding=\"async\" width=\"2560\" height=\"1920\" src=\"https:\/\/tabanobike.com\/wp-content\/uploads\/2022\/09\/IMG_20220414_101124-scaled.jpg\" class=\"attachment-full size-full wp-post-image\" alt=\"\" itemprop=\"image\" srcset=\"https:\/\/tabanobike.com\/wp-content\/uploads\/2022\/09\/IMG_20220414_101124-scaled.jpg 2560w, https:\/\/tabanobike.com\/wp-content\/uploads\/2022\/09\/IMG_20220414_101124-300x225.jpg 300w, https:\/\/tabanobike.com\/wp-content\/uploads\/2022\/09\/IMG_20220414_101124-1024x768.jpg 1024w, https:\/\/tabanobike.com\/wp-content\/uploads\/2022\/09\/IMG_20220414_101124-768x576.jpg 768w, https:\/\/tabanobike.com\/wp-content\/uploads\/2022\/09\/IMG_20220414_101124-1536x1152.jpg 1536w, https:\/\/tabanobike.com\/wp-content\/uploads\/2022\/09\/IMG_20220414_101124-2048x1536.jpg 2048w, https:\/\/tabanobike.com\/wp-content\/uploads\/2022\/09\/IMG_20220414_101124-16x12.jpg 16w\" sizes=\"auto, (max-width: 2560px) 100vw, 2560px\" \/><\/a>\t\t<\/div>\n\t\t\t\t\t\t\t\t<header class=\"wp-show-posts-entry-header\">\n\t\t\t\t\t\t\t<h4 class=\"wp-show-posts-entry-title\" itemprop=\"headline\"><a href=\"https:\/\/tabanobike.com\/eu\/rutas\/la-alberca-herguijuela-miranda-casas-del-conde\/\" rel=\"bookmark\">La Alberca &#8211; Herguijuela &#8211; Miranda &#8211; Casas del Conde<\/a><\/h4><div class=\"wp-show-posts-entry-meta wp-show-posts-entry-meta-below-title post-meta-inline\"><span class=\"wp-show-posts-posted-on wp-show-posts-meta\">\n\t\t\t\t\t<a href=\"https:\/\/tabanobike.com\/eu\/rutas\/la-alberca-herguijuela-miranda-casas-del-conde\/\" title=\"\" rel=\"bookmark\"><time class=\"wp-show-posts-entry-date published\" datetime=\"2022-09-15T17:38:30+02:00\" itemprop=\"datePublished\"><\/time><time class=\"wp-show-posts-updated\" datetime=\"2022-09-17T19:12:56+02:00\" itemprop=\"dateModified\"><\/time><\/a>\n\t\t\t\t<\/span><\/div>\t\t\t\t\t\t<\/header><!-- .entry-header -->\n\t\t\t\t\t\t\t\t\t\t\t<div class=\"wp-show-posts-entry-summary\" itemprop=\"text\">\n\t\t\t\t\t\t\t<p>Lugar de salida: La Alberca (Salamanca) La Alberca &#8211; Herguijuela &#8211; Miranda &#8211; Casas del Conde Kilometros totales: 79km Metros ascendidos: 2074m<\/p>\n\t\t\t\t\t\t<\/div><!-- .entry-summary -->\n\t\t\t\t\t<div class=\"wpsp-read-more\"><a title=\"La Alberca &#8211; Herguijuela &#8211; Miranda &#8211; Casas del Conde\" class=\"wp-show-posts-read-more\" href=\"https:\/\/tabanobike.com\/eu\/rutas\/la-alberca-herguijuela-miranda-casas-del-conde\/\">Sartu<\/a><\/div><\/div><!-- wp-show-posts-inner --><\/article><article class=\"wp-show-posts-single post-1128 page type-page status-publish has-post-thumbnail hentry category-mtb category-rutas category-sierra-de-francia wpsp-col-4\" itemtype=\"http:\/\/schema.org\/CreativeWork\" itemscope><div class=\"wp-show-posts-inner\" style=\"\">\t\t<div class=\"wp-show-posts-image  wpsp-image-center\">\n\t\t\t<a href=\"https:\/\/tabanobike.com\/eu\/rutas\/puertitos-aldeanueva-el-codorro\/\"  title=\"Puertitos &#8211; Aldeanueva &#8211; El Codorro\"><img loading=\"lazy\" decoding=\"async\" width=\"2560\" height=\"1915\" src=\"https:\/\/tabanobike.com\/wp-content\/uploads\/2022\/04\/IMG_20210516_121658-scaled.jpg\" class=\"attachment-full size-full wp-post-image\" alt=\"\" itemprop=\"image\" srcset=\"https:\/\/tabanobike.com\/wp-content\/uploads\/2022\/04\/IMG_20210516_121658-scaled.jpg 2560w, https:\/\/tabanobike.com\/wp-content\/uploads\/2022\/04\/IMG_20210516_121658-300x224.jpg 300w, https:\/\/tabanobike.com\/wp-content\/uploads\/2022\/04\/IMG_20210516_121658-1024x766.jpg 1024w, https:\/\/tabanobike.com\/wp-content\/uploads\/2022\/04\/IMG_20210516_121658-768x574.jpg 768w, https:\/\/tabanobike.com\/wp-content\/uploads\/2022\/04\/IMG_20210516_121658-1536x1149.jpg 1536w, https:\/\/tabanobike.com\/wp-content\/uploads\/2022\/04\/IMG_20210516_121658-2048x1532.jpg 2048w, https:\/\/tabanobike.com\/wp-content\/uploads\/2022\/04\/IMG_20210516_121658-16x12.jpg 16w\" sizes=\"auto, (max-width: 2560px) 100vw, 2560px\" \/><\/a>\t\t<\/div>\n\t\t\t\t\t\t\t\t<header class=\"wp-show-posts-entry-header\">\n\t\t\t\t\t\t\t<h4 class=\"wp-show-posts-entry-title\" itemprop=\"headline\"><a href=\"https:\/\/tabanobike.com\/eu\/rutas\/puertitos-aldeanueva-el-codorro\/\" rel=\"bookmark\">Puertitos &#8211; Aldeanueva &#8211; El Codorro<\/a><\/h4><div class=\"wp-show-posts-entry-meta wp-show-posts-entry-meta-below-title post-meta-inline\"><span class=\"wp-show-posts-posted-on wp-show-posts-meta\">\n\t\t\t\t\t<a href=\"https:\/\/tabanobike.com\/eu\/rutas\/puertitos-aldeanueva-el-codorro\/\" title=\"\" rel=\"bookmark\"><time class=\"wp-show-posts-entry-date published\" datetime=\"2022-04-02T19:35:09+02:00\" itemprop=\"datePublished\"><\/time><time class=\"wp-show-posts-updated\" datetime=\"2022-04-03T17:28:01+02:00\" itemprop=\"dateModified\"><\/time><\/a>\n\t\t\t\t<\/span><\/div>\t\t\t\t\t\t<\/header><!-- .entry-header -->\n\t\t\t\t\t\t\t\t\t\t\t<div class=\"wp-show-posts-entry-summary\" itemprop=\"text\">\n\t\t\t\t\t\t\t<p>MTB irteera Frantziako mendilerrotik, Aterpetik Aldeanueva de la Sierrara joango gara, Puertitos eta El Cabacotik igarota, Mora haitzuloko arrapalaren hasieraraino...<\/p>\n\t\t\t\t\t\t<\/div><!-- .entry-summary -->\n\t\t\t\t\t<div class=\"wpsp-read-more\"><a title=\"Puertitos &#8211; Aldeanueva &#8211; El Codorro\" class=\"wp-show-posts-read-more\" href=\"https:\/\/tabanobike.com\/eu\/rutas\/puertitos-aldeanueva-el-codorro\/\">Sartu<\/a><\/div><\/div><!-- wp-show-posts-inner --><\/article><article class=\"wp-show-posts-single post-1101 page type-page status-publish has-post-thumbnail hentry category-mtb category-rutas category-sierra-de-francia wpsp-col-4\" itemtype=\"http:\/\/schema.org\/CreativeWork\" itemscope><div class=\"wp-show-posts-inner\" style=\"\">\t\t<div class=\"wp-show-posts-image  wpsp-image-center\">\n\t\t\t<a href=\"https:\/\/tabanobike.com\/eu\/rutas\/puertitos-ruta-de-los-espejos\/\"  title=\"Puertitos &#8211; Ruta de los Espejos &#8211; Laguna de San Marcos\"><img loading=\"lazy\" decoding=\"async\" width=\"2560\" height=\"1920\" src=\"https:\/\/tabanobike.com\/wp-content\/uploads\/2022\/04\/IMG_20210625_110955-scaled.jpg\" class=\"attachment-full size-full wp-post-image\" alt=\"\" itemprop=\"image\" srcset=\"https:\/\/tabanobike.com\/wp-content\/uploads\/2022\/04\/IMG_20210625_110955-scaled.jpg 2560w, https:\/\/tabanobike.com\/wp-content\/uploads\/2022\/04\/IMG_20210625_110955-300x225.jpg 300w, https:\/\/tabanobike.com\/wp-content\/uploads\/2022\/04\/IMG_20210625_110955-1024x768.jpg 1024w, https:\/\/tabanobike.com\/wp-content\/uploads\/2022\/04\/IMG_20210625_110955-768x576.jpg 768w, https:\/\/tabanobike.com\/wp-content\/uploads\/2022\/04\/IMG_20210625_110955-1536x1152.jpg 1536w, https:\/\/tabanobike.com\/wp-content\/uploads\/2022\/04\/IMG_20210625_110955-2048x1536.jpg 2048w, https:\/\/tabanobike.com\/wp-content\/uploads\/2022\/04\/IMG_20210625_110955-16x12.jpg 16w\" sizes=\"auto, (max-width: 2560px) 100vw, 2560px\" \/><\/a>\t\t<\/div>\n\t\t\t\t\t\t\t\t<header class=\"wp-show-posts-entry-header\">\n\t\t\t\t\t\t\t<h4 class=\"wp-show-posts-entry-title\" itemprop=\"headline\"><a href=\"https:\/\/tabanobike.com\/eu\/rutas\/puertitos-ruta-de-los-espejos\/\" rel=\"bookmark\">Puertitos &#8211; Ruta de los Espejos &#8211; Laguna de San Marcos<\/a><\/h4><div class=\"wp-show-posts-entry-meta wp-show-posts-entry-meta-below-title post-meta-inline\"><span class=\"wp-show-posts-posted-on wp-show-posts-meta\">\n\t\t\t\t\t<a href=\"https:\/\/tabanobike.com\/eu\/rutas\/puertitos-ruta-de-los-espejos\/\" title=\"\" rel=\"bookmark\"><time class=\"wp-show-posts-entry-date published\" datetime=\"2022-04-02T12:03:32+02:00\" itemprop=\"datePublished\"><\/time><time class=\"wp-show-posts-updated\" datetime=\"2022-04-02T12:03:56+02:00\" itemprop=\"dateModified\"><\/time><\/a>\n\t\t\t\t<\/span><\/div>\t\t\t\t\t\t<\/header><!-- .entry-header -->\n\t\t\t\t\t\t\t\t\t\t\t<div class=\"wp-show-posts-entry-summary\" itemprop=\"text\">\n\t\t\t\t\t\t\t<p>MTB Irteera La Alberkatik, bertatik Puertitoetara igoko gara San Martin del Casta\u00f1arrera jeisteko eta handik La Ruta de Los Espejos ibilbidearen zati bat egingo dugu...<\/p>\n\t\t\t\t\t\t<\/div><!-- .entry-summary -->\n\t\t\t\t\t<div class=\"wpsp-read-more\"><a title=\"Puertitos &#8211; Ruta de los Espejos &#8211; Laguna de San Marcos\" class=\"wp-show-posts-read-more\" href=\"https:\/\/tabanobike.com\/eu\/rutas\/puertitos-ruta-de-los-espejos\/\">Sartu<\/a><\/div><\/div><!-- wp-show-posts-inner --><\/article><article class=\"wp-show-posts-single post-831 page type-page status-publish has-post-thumbnail hentry category-mtb category-rutas category-sierra-de-francia wpsp-col-4\" itemtype=\"http:\/\/schema.org\/CreativeWork\" itemscope><div class=\"wp-show-posts-inner\" style=\"\">\t\t<div class=\"wp-show-posts-image  wpsp-image-center\">\n\t\t\t<a href=\"https:\/\/tabanobike.com\/eu\/rutas\/veinte-castanos-pena-carbonera-pena-de-francia\/\"  title=\"Veinte casta\u00f1os &#8211; Pe\u00f1a Carbonera &#8211; Pe\u00f1a de Francia\"><img loading=\"lazy\" decoding=\"async\" width=\"1107\" height=\"830\" src=\"https:\/\/tabanobike.com\/wp-content\/uploads\/2022\/02\/IMG_20191103_111514.jpg\" class=\"attachment-full size-full wp-post-image\" alt=\"\" itemprop=\"image\" srcset=\"https:\/\/tabanobike.com\/wp-content\/uploads\/2022\/02\/IMG_20191103_111514.jpg 1107w, https:\/\/tabanobike.com\/wp-content\/uploads\/2022\/02\/IMG_20191103_111514-300x225.jpg 300w, https:\/\/tabanobike.com\/wp-content\/uploads\/2022\/02\/IMG_20191103_111514-1024x768.jpg 1024w, https:\/\/tabanobike.com\/wp-content\/uploads\/2022\/02\/IMG_20191103_111514-768x576.jpg 768w, https:\/\/tabanobike.com\/wp-content\/uploads\/2022\/02\/IMG_20191103_111514-16x12.jpg 16w\" sizes=\"auto, (max-width: 1107px) 100vw, 1107px\" \/><\/a>\t\t<\/div>\n\t\t\t\t\t\t\t\t<header class=\"wp-show-posts-entry-header\">\n\t\t\t\t\t\t\t<h4 class=\"wp-show-posts-entry-title\" itemprop=\"headline\"><a href=\"https:\/\/tabanobike.com\/eu\/rutas\/veinte-castanos-pena-carbonera-pena-de-francia\/\" rel=\"bookmark\">Veinte casta\u00f1os &#8211; Pe\u00f1a Carbonera &#8211; Pe\u00f1a de Francia<\/a><\/h4><div class=\"wp-show-posts-entry-meta wp-show-posts-entry-meta-below-title post-meta-inline\"><span class=\"wp-show-posts-posted-on wp-show-posts-meta\">\n\t\t\t\t\t<a href=\"https:\/\/tabanobike.com\/eu\/rutas\/veinte-castanos-pena-carbonera-pena-de-francia\/\" title=\"\" rel=\"bookmark\"><time class=\"wp-show-posts-entry-date published\" datetime=\"2022-02-23T21:11:49+01:00\" itemprop=\"datePublished\"><\/time><time class=\"wp-show-posts-updated\" datetime=\"2022-02-23T22:32:29+01:00\" itemprop=\"dateModified\"><\/time><\/a>\n\t\t\t\t<\/span><\/div>\t\t\t\t\t\t<\/header><!-- .entry-header -->\n\t\t\t\t\t\t\t\t\t\t\t<div class=\"wp-show-posts-entry-summary\" itemprop=\"text\">\n\t\t\t\t\t\t\t<p>MTB irteera La Albercatik Fuente Casta\u00f1orantz doan bidetik hasiko gara, errepidera iristean 1km egingo ditugu Sotoserranorantz, Veinte Casta\u00f1os-etik igotzean  Buitrerara iritsiko gara, jaitsiera labur batek Portilloko errepideraino eramango gaitu..<\/p>\n\t\t\t\t\t\t<\/div><!-- .entry-summary -->\n\t\t\t\t\t<div class=\"wpsp-read-more\"><a title=\"Veinte casta\u00f1os &#8211; Pe\u00f1a Carbonera &#8211; Pe\u00f1a de Francia\" class=\"wp-show-posts-read-more\" href=\"https:\/\/tabanobike.com\/eu\/rutas\/veinte-castanos-pena-carbonera-pena-de-francia\/\">Sartu<\/a><\/div><\/div><!-- wp-show-posts-inner --><\/article><article class=\"wp-show-posts-single post-822 page type-page status-publish has-post-thumbnail hentry category-mtb category-rutas category-sierra-de-francia wpsp-col-4\" itemtype=\"http:\/\/schema.org\/CreativeWork\" itemscope><div class=\"wp-show-posts-inner\" style=\"\">\t\t<div class=\"wp-show-posts-image  wpsp-image-center\">\n\t\t\t<a href=\"https:\/\/tabanobike.com\/eu\/rutas\/majadas-la-regajera-castillo-buitrera\/\"  title=\"Majadas &#8211; La Regajera- Castillo de La Herguijuela- Buitrera\"><img loading=\"lazy\" decoding=\"async\" width=\"2560\" height=\"1920\" src=\"https:\/\/tabanobike.com\/wp-content\/uploads\/2022\/02\/IMG_20211229_114129-scaled.jpg\" class=\"attachment-full size-full wp-post-image\" alt=\"\" itemprop=\"image\" srcset=\"https:\/\/tabanobike.com\/wp-content\/uploads\/2022\/02\/IMG_20211229_114129-scaled.jpg 2560w, https:\/\/tabanobike.com\/wp-content\/uploads\/2022\/02\/IMG_20211229_114129-300x225.jpg 300w, https:\/\/tabanobike.com\/wp-content\/uploads\/2022\/02\/IMG_20211229_114129-1024x768.jpg 1024w, https:\/\/tabanobike.com\/wp-content\/uploads\/2022\/02\/IMG_20211229_114129-768x576.jpg 768w, https:\/\/tabanobike.com\/wp-content\/uploads\/2022\/02\/IMG_20211229_114129-1536x1152.jpg 1536w, https:\/\/tabanobike.com\/wp-content\/uploads\/2022\/02\/IMG_20211229_114129-2048x1536.jpg 2048w, https:\/\/tabanobike.com\/wp-content\/uploads\/2022\/02\/IMG_20211229_114129-16x12.jpg 16w\" sizes=\"auto, (max-width: 2560px) 100vw, 2560px\" \/><\/a>\t\t<\/div>\n\t\t\t\t\t\t\t\t<header class=\"wp-show-posts-entry-header\">\n\t\t\t\t\t\t\t<h4 class=\"wp-show-posts-entry-title\" itemprop=\"headline\"><a href=\"https:\/\/tabanobike.com\/eu\/rutas\/majadas-la-regajera-castillo-buitrera\/\" rel=\"bookmark\">Majadas &#8211; La Regajera- Castillo de La Herguijuela- Buitrera<\/a><\/h4><div class=\"wp-show-posts-entry-meta wp-show-posts-entry-meta-below-title post-meta-inline\"><span class=\"wp-show-posts-posted-on wp-show-posts-meta\">\n\t\t\t\t\t<a href=\"https:\/\/tabanobike.com\/eu\/rutas\/majadas-la-regajera-castillo-buitrera\/\" title=\"\" rel=\"bookmark\"><time class=\"wp-show-posts-entry-date published\" datetime=\"2022-02-21T13:17:17+01:00\" itemprop=\"datePublished\"><\/time><time class=\"wp-show-posts-updated\" datetime=\"2022-02-21T13:40:44+01:00\" itemprop=\"dateModified\"><\/time><\/a>\n\t\t\t\t<\/span><\/div>\t\t\t\t\t\t<\/header><!-- .entry-header -->\n\t\t\t\t\t\t\t\t\t\t\t<div class=\"wp-show-posts-entry-summary\" itemprop=\"text\">\n\t\t\t\t\t\t\t<p>MTB irteera Sierra de Francian, La Albercatik Majadaseko ermitaraino joango gara, handik Mogarrazeraino jaitsiko gara, erromatar zubiraino jaitsiko gara, Regajeraraino jarraituko dugu...<\/p>\n\t\t\t\t\t\t<\/div><!-- .entry-summary -->\n\t\t\t\t\t<div class=\"wpsp-read-more\"><a title=\"Majadas &#8211; La Regajera- Castillo de La Herguijuela- Buitrera\" class=\"wp-show-posts-read-more\" href=\"https:\/\/tabanobike.com\/eu\/rutas\/majadas-la-regajera-castillo-buitrera\/\">Sartu<\/a><\/div><\/div><!-- wp-show-posts-inner --><\/article><article class=\"wp-show-posts-single post-726 page type-page status-publish has-post-thumbnail hentry category-mtb category-rutas category-sierra-de-francia wpsp-col-4\" itemtype=\"http:\/\/schema.org\/CreativeWork\" itemscope><div class=\"wp-show-posts-inner\" style=\"\">\t\t<div class=\"wp-show-posts-image  wpsp-image-center\">\n\t\t\t<a href=\"https:\/\/tabanobike.com\/eu\/rutas\/el-copero\/\"  title=\"El Copero\"><img loading=\"lazy\" decoding=\"async\" width=\"1280\" height=\"957\" src=\"https:\/\/tabanobike.com\/wp-content\/uploads\/2022\/02\/photo_2022-02-18_15-51-48.jpg\" class=\"attachment-full size-full wp-post-image\" alt=\"\" itemprop=\"image\" srcset=\"https:\/\/tabanobike.com\/wp-content\/uploads\/2022\/02\/photo_2022-02-18_15-51-48.jpg 1280w, https:\/\/tabanobike.com\/wp-content\/uploads\/2022\/02\/photo_2022-02-18_15-51-48-300x224.jpg 300w, https:\/\/tabanobike.com\/wp-content\/uploads\/2022\/02\/photo_2022-02-18_15-51-48-1024x766.jpg 1024w, https:\/\/tabanobike.com\/wp-content\/uploads\/2022\/02\/photo_2022-02-18_15-51-48-768x574.jpg 768w, https:\/\/tabanobike.com\/wp-content\/uploads\/2022\/02\/photo_2022-02-18_15-51-48-16x12.jpg 16w\" sizes=\"auto, (max-width: 1280px) 100vw, 1280px\" \/><\/a>\t\t<\/div>\n\t\t\t\t\t\t\t\t<header class=\"wp-show-posts-entry-header\">\n\t\t\t\t\t\t\t<h4 class=\"wp-show-posts-entry-title\" itemprop=\"headline\"><a href=\"https:\/\/tabanobike.com\/eu\/rutas\/el-copero\/\" rel=\"bookmark\">El Copero<\/a><\/h4><div class=\"wp-show-posts-entry-meta wp-show-posts-entry-meta-below-title post-meta-inline\"><span class=\"wp-show-posts-posted-on wp-show-posts-meta\">\n\t\t\t\t\t<a href=\"https:\/\/tabanobike.com\/eu\/rutas\/el-copero\/\" title=\"\" rel=\"bookmark\"><time class=\"wp-show-posts-entry-date published\" datetime=\"2022-02-18T12:59:55+01:00\" itemprop=\"datePublished\"><\/time><time class=\"wp-show-posts-updated\" datetime=\"2022-02-24T23:18:14+01:00\" itemprop=\"dateModified\"><\/time><\/a>\n\t\t\t\t<\/span><\/div>\t\t\t\t\t\t<\/header><!-- .entry-header -->\n\t\t\t\t\t\t\t\t\t\t\t<div class=\"wp-show-posts-entry-summary\" itemprop=\"text\">\n\t\t\t\t\t\t\t<p>MTB irteera Sierra de Francia-tik, La Albercatik Lera gainera igoko gara, eta, ondoren, La Pe\u00f1ako errepideraino jarraituko dugu, Mailloraino. Mendiko pista eta errepide pixka bat tartekatuko ditugu...<\/p>\n\t\t\t\t\t\t<\/div><!-- .entry-summary -->\n\t\t\t\t\t<div class=\"wpsp-read-more\"><a title=\"El Copero\" class=\"wp-show-posts-read-more\" href=\"https:\/\/tabanobike.com\/eu\/rutas\/el-copero\/\">Sartu<\/a><\/div><\/div><!-- wp-show-posts-inner --><\/article><div class=\"wpsp-clear\"><\/div><\/section><!-- .wp-show-posts -->\n\n\n\n<p><\/p>","protected":false},"excerpt":{"rendered":"","protected":false},"author":1,"featured_media":0,"parent":0,"menu_order":0,"comment_status":"closed","ping_status":"closed","template":"page-fullwidth.php","meta":{"kt_blocks_editor_width":"","footnotes":""},"categories":[19],"tags":[],"class_list":["post-331","page","type-page","status-publish","hentry","category-indice"],"aioseo_notices":[],"_links":{"self":[{"href":"https:\/\/tabanobike.com\/eu\/wp-json\/wp\/v2\/pages\/331","targetHints":{"allow":["GET"]}}],"collection":[{"href":"https:\/\/tabanobike.com\/eu\/wp-json\/wp\/v2\/pages"}],"about":[{"href":"https:\/\/tabanobike.com\/eu\/wp-json\/wp\/v2\/types\/page"}],"author":[{"embeddable":true,"href":"https:\/\/tabanobike.com\/eu\/wp-json\/wp\/v2\/users\/1"}],"replies":[{"embeddable":true,"href":"https:\/\/tabanobike.com\/eu\/wp-json\/wp\/v2\/comments?post=331"}],"version-history":[{"count":4,"href":"https:\/\/tabanobike.com\/eu\/wp-json\/wp\/v2\/pages\/331\/revisions"}],"predecessor-version":[{"id":794,"href":"https:\/\/tabanobike.com\/eu\/wp-json\/wp\/v2\/pages\/331\/revisions\/794"}],"wp:attachment":[{"href":"https:\/\/tabanobike.com\/eu\/wp-json\/wp\/v2\/media?parent=331"}],"wp:term":[{"taxonomy":"category","embeddable":true,"href":"https:\/\/tabanobike.com\/eu\/wp-json\/wp\/v2\/categories?post=331"},{"taxonomy":"post_tag","embeddable":true,"href":"https:\/\/tabanobike.com\/eu\/wp-json\/wp\/v2\/tags?post=331"}],"curies":[{"name":"wp","href":"https:\/\/api.w.org\/{rel}","templated":true}]}}