{"id":791,"date":"2022-02-18T15:42:50","date_gmt":"2022-02-18T14:42:50","guid":{"rendered":"https:\/\/tabanobike.com\/?page_id=791"},"modified":"2022-02-18T15:43:02","modified_gmt":"2022-02-18T14:43:02","slug":"burgos-2","status":"publish","type":"page","link":"https:\/\/tabanobike.com\/eu\/burgos-2\/","title":{"rendered":"Burgos"},"content":{"rendered":"<style>.wp-show-posts-columns#wpsp-333 {margin-left: -2em; }.wp-show-posts-columns#wpsp-333 .wp-show-posts-inner {margin: 0 0 2em 2em; }<\/style><section id=\"wpsp-333\" class=\"wp-show-posts-columns wp-show-posts\" style=\"\"><article class=\"wp-show-posts-single post-1341 page type-page status-publish has-post-thumbnail hentry category-burgos category-mtb wpsp-col-4\" itemtype=\"http:\/\/schema.org\/CreativeWork\" itemscope><div class=\"wp-show-posts-inner\" style=\"\">\t\t<div class=\"wp-show-posts-image  wpsp-image-center\">\n\t\t\t<a href=\"https:\/\/tabanobike.com\/eu\/rutas\/sad-hill\/\"  title=\"Sad Hill\"><img loading=\"lazy\" decoding=\"async\" width=\"2560\" height=\"1920\" src=\"https:\/\/tabanobike.com\/wp-content\/uploads\/2023\/01\/IMG_20221029_130405__01-scaled.jpg\" class=\"attachment-full size-full wp-post-image\" alt=\"\" itemprop=\"image\" srcset=\"https:\/\/tabanobike.com\/wp-content\/uploads\/2023\/01\/IMG_20221029_130405__01-scaled.jpg 2560w, https:\/\/tabanobike.com\/wp-content\/uploads\/2023\/01\/IMG_20221029_130405__01-300x225.jpg 300w, https:\/\/tabanobike.com\/wp-content\/uploads\/2023\/01\/IMG_20221029_130405__01-1024x768.jpg 1024w, https:\/\/tabanobike.com\/wp-content\/uploads\/2023\/01\/IMG_20221029_130405__01-768x576.jpg 768w, https:\/\/tabanobike.com\/wp-content\/uploads\/2023\/01\/IMG_20221029_130405__01-1536x1152.jpg 1536w, https:\/\/tabanobike.com\/wp-content\/uploads\/2023\/01\/IMG_20221029_130405__01-2048x1536.jpg 2048w, https:\/\/tabanobike.com\/wp-content\/uploads\/2023\/01\/IMG_20221029_130405__01-16x12.jpg 16w\" sizes=\"auto, (max-width: 2560px) 100vw, 2560px\" \/><\/a>\t\t<\/div>\n\t\t\t\t\t\t\t\t<header class=\"wp-show-posts-entry-header\">\n\t\t\t\t\t\t\t<h2 class=\"wp-show-posts-entry-title\" itemprop=\"headline\"><a href=\"https:\/\/tabanobike.com\/eu\/rutas\/sad-hill\/\" rel=\"bookmark\">Sad Hill<\/a><\/h2><div class=\"wp-show-posts-entry-meta wp-show-posts-entry-meta-below-title post-meta-inline\"><span class=\"wp-show-posts-posted-on wp-show-posts-meta\">\n\t\t\t\t\t<a href=\"https:\/\/tabanobike.com\/eu\/rutas\/sad-hill\/\" title=\"\" rel=\"bookmark\"><time class=\"wp-show-posts-entry-date published\" datetime=\"2023-01-16T20:40:29+01:00\" itemprop=\"datePublished\"><\/time><time class=\"wp-show-posts-updated\" datetime=\"2023-01-16T20:40:30+01:00\" itemprop=\"dateModified\"><\/time><\/a>\n\t\t\t\t<\/span><\/div>\t\t\t\t\t\t<\/header><!-- .entry-header -->\n\t\t\t\t\t\t\t\t\t\t\t<div class=\"wp-show-posts-entry-summary\" itemprop=\"text\">\n\t\t\t\t\t\t\t<p>Lugar de salida: La Revilla (Burgos) Salida de monta\u00f1a desde La Revilla (poblaci\u00f3n cercana a Salas de los Infantes) recorriendo las sendas y pueblos de las cercan\u00edas de Covarrubias, Contreras&#8230;<\/p>\n\t\t\t\t\t\t<\/div><!-- .entry-summary -->\n\t\t\t\t\t<div class=\"wpsp-read-more\"><a title=\"Sad Hill\" class=\"wp-show-posts-read-more\" href=\"https:\/\/tabanobike.com\/eu\/rutas\/sad-hill\/\">Sartu<\/a><\/div><\/div><!-- wp-show-posts-inner --><\/article><article class=\"wp-show-posts-single post-640 page type-page status-publish has-post-thumbnail hentry category-burgos category-mtb category-rutas wpsp-col-4\" itemtype=\"http:\/\/schema.org\/CreativeWork\" itemscope><div class=\"wp-show-posts-inner\" style=\"\">\t\t<div class=\"wp-show-posts-image  wpsp-image-center\">\n\t\t\t<a href=\"https:\/\/tabanobike.com\/eu\/rutas\/ojo-guarena\/\"  title=\"Ojo Guare\u00f1a\"><img loading=\"lazy\" decoding=\"async\" width=\"980\" height=\"735\" src=\"https:\/\/tabanobike.com\/wp-content\/uploads\/2022\/02\/IMG_01107.jpg\" class=\"attachment-full size-full wp-post-image\" alt=\"\" itemprop=\"image\" srcset=\"https:\/\/tabanobike.com\/wp-content\/uploads\/2022\/02\/IMG_01107.jpg 980w, https:\/\/tabanobike.com\/wp-content\/uploads\/2022\/02\/IMG_01107-300x225.jpg 300w, https:\/\/tabanobike.com\/wp-content\/uploads\/2022\/02\/IMG_01107-768x576.jpg 768w\" sizes=\"auto, (max-width: 980px) 100vw, 980px\" \/><\/a>\t\t<\/div>\n\t\t\t\t\t\t\t\t<header class=\"wp-show-posts-entry-header\">\n\t\t\t\t\t\t\t<h2 class=\"wp-show-posts-entry-title\" itemprop=\"headline\"><a href=\"https:\/\/tabanobike.com\/eu\/rutas\/ojo-guarena\/\" rel=\"bookmark\">Ojo Guare\u00f1a<\/a><\/h2><div class=\"wp-show-posts-entry-meta wp-show-posts-entry-meta-below-title post-meta-inline\"><span class=\"wp-show-posts-posted-on wp-show-posts-meta\">\n\t\t\t\t\t<a href=\"https:\/\/tabanobike.com\/eu\/rutas\/ojo-guarena\/\" title=\"\" rel=\"bookmark\"><time class=\"wp-show-posts-entry-date published\" datetime=\"2022-02-14T23:47:13+01:00\" itemprop=\"datePublished\"><\/time><time class=\"wp-show-posts-updated\" datetime=\"2022-02-18T13:01:49+01:00\" itemprop=\"dateModified\"><\/time><\/a>\n\t\t\t\t<\/span><\/div>\t\t\t\t\t\t<\/header><!-- .entry-header -->\n\t\t\t\t\t\t\t\t\t\t\t<div class=\"wp-show-posts-entry-summary\" itemprop=\"text\">\n\t\t\t\t\t\t\t<p>Villarcayotik MTB irteera, Ojo Guare\u00f1a haitzuloa bisitatuz, Ventanoneraino igotzen hasten da, Puentedeyraino jaisten da, Mea ur-jauzia bisitatzen du eta trenbide zaharretik Villarcayora itzultzen da.<\/p>\n\t\t\t\t\t\t<\/div><!-- .entry-summary -->\n\t\t\t\t\t<div class=\"wpsp-read-more\"><a title=\"Ojo Guare\u00f1a\" class=\"wp-show-posts-read-more\" href=\"https:\/\/tabanobike.com\/eu\/rutas\/ojo-guarena\/\">Sartu<\/a><\/div><\/div><!-- wp-show-posts-inner --><\/article><article class=\"wp-show-posts-single post-275 page type-page status-publish has-post-thumbnail hentry category-burgos category-mtb category-rutas wpsp-col-4\" itemtype=\"http:\/\/schema.org\/CreativeWork\" itemscope><div class=\"wp-show-posts-inner\" style=\"\">\t\t<div class=\"wp-show-posts-image  wpsp-image-center\">\n\t\t\t<a href=\"https:\/\/tabanobike.com\/eu\/rutas\/frias\/\"  title=\"Frias\"><img loading=\"lazy\" decoding=\"async\" width=\"1204\" height=\"903\" src=\"https:\/\/tabanobike.com\/wp-content\/uploads\/2022\/01\/IMG_20190525_121540.jpg\" class=\"attachment-full size-full wp-post-image\" alt=\"\" itemprop=\"image\" srcset=\"https:\/\/tabanobike.com\/wp-content\/uploads\/2022\/01\/IMG_20190525_121540.jpg 1204w, https:\/\/tabanobike.com\/wp-content\/uploads\/2022\/01\/IMG_20190525_121540-300x225.jpg 300w, https:\/\/tabanobike.com\/wp-content\/uploads\/2022\/01\/IMG_20190525_121540-1024x768.jpg 1024w, https:\/\/tabanobike.com\/wp-content\/uploads\/2022\/01\/IMG_20190525_121540-768x576.jpg 768w\" sizes=\"auto, (max-width: 1204px) 100vw, 1204px\" \/><\/a>\t\t<\/div>\n\t\t\t\t\t\t\t\t<header class=\"wp-show-posts-entry-header\">\n\t\t\t\t\t\t\t<h2 class=\"wp-show-posts-entry-title\" itemprop=\"headline\"><a href=\"https:\/\/tabanobike.com\/eu\/rutas\/frias\/\" rel=\"bookmark\">Frias<\/a><\/h2><div class=\"wp-show-posts-entry-meta wp-show-posts-entry-meta-below-title post-meta-inline\"><span class=\"wp-show-posts-posted-on wp-show-posts-meta\">\n\t\t\t\t\t<a href=\"https:\/\/tabanobike.com\/eu\/rutas\/frias\/\" title=\"\" rel=\"bookmark\"><time class=\"wp-show-posts-entry-date published\" datetime=\"2022-01-18T22:22:22+01:00\" itemprop=\"datePublished\"><\/time><time class=\"wp-show-posts-updated\" datetime=\"2022-02-18T13:04:24+01:00\" itemprop=\"dateModified\"><\/time><\/a>\n\t\t\t\t<\/span><\/div>\t\t\t\t\t\t<\/header><!-- .entry-header -->\n\t\t\t\t\t\t\t\t\t\t\t<div class=\"wp-show-posts-entry-summary\" itemprop=\"text\">\n\t\t\t\t\t\t\t<p>MTB irteera oraingoan Burgosen, Friasen, jende guztiarentzat egokia den ibilbidea eta bista ikusgarriekin, Pedrosa de Tobalina ur-jauzia bisitatuz<\/p>\n\t\t\t\t\t\t<\/div><!-- .entry-summary -->\n\t\t\t\t\t<div class=\"wpsp-read-more\"><a title=\"Frias\" class=\"wp-show-posts-read-more\" href=\"https:\/\/tabanobike.com\/eu\/rutas\/frias\/\">Sartu<\/a><\/div><\/div><!-- wp-show-posts-inner --><\/article><div class=\"wpsp-clear\"><\/div><\/section><!-- .wp-show-posts -->\n\n\n\n<p><\/p>","protected":false},"excerpt":{"rendered":"","protected":false},"author":1,"featured_media":0,"parent":0,"menu_order":0,"comment_status":"closed","ping_status":"closed","template":"page-fullwidth.php","meta":{"kt_blocks_editor_width":"","footnotes":""},"categories":[19],"tags":[],"class_list":["post-791","page","type-page","status-publish","hentry","category-indice"],"aioseo_notices":[],"_links":{"self":[{"href":"https:\/\/tabanobike.com\/eu\/wp-json\/wp\/v2\/pages\/791","targetHints":{"allow":["GET"]}}],"collection":[{"href":"https:\/\/tabanobike.com\/eu\/wp-json\/wp\/v2\/pages"}],"about":[{"href":"https:\/\/tabanobike.com\/eu\/wp-json\/wp\/v2\/types\/page"}],"author":[{"embeddable":true,"href":"https:\/\/tabanobike.com\/eu\/wp-json\/wp\/v2\/users\/1"}],"replies":[{"embeddable":true,"href":"https:\/\/tabanobike.com\/eu\/wp-json\/wp\/v2\/comments?post=791"}],"version-history":[{"count":1,"href":"https:\/\/tabanobike.com\/eu\/wp-json\/wp\/v2\/pages\/791\/revisions"}],"predecessor-version":[{"id":793,"href":"https:\/\/tabanobike.com\/eu\/wp-json\/wp\/v2\/pages\/791\/revisions\/793"}],"wp:attachment":[{"href":"https:\/\/tabanobike.com\/eu\/wp-json\/wp\/v2\/media?parent=791"}],"wp:term":[{"taxonomy":"category","embeddable":true,"href":"https:\/\/tabanobike.com\/eu\/wp-json\/wp\/v2\/categories?post=791"},{"taxonomy":"post_tag","embeddable":true,"href":"https:\/\/tabanobike.com\/eu\/wp-json\/wp\/v2\/tags?post=791"}],"curies":[{"name":"wp","href":"https:\/\/api.w.org\/{rel}","templated":true}]}}