{"id":831,"date":"2022-02-23T21:11:49","date_gmt":"2022-02-23T20:11:49","guid":{"rendered":"https:\/\/tabanobike.com\/?page_id=831"},"modified":"2022-02-23T22:32:29","modified_gmt":"2022-02-23T21:32:29","slug":"veinte-castanos-pena-carbonera-pena-de-francia","status":"publish","type":"page","link":"https:\/\/tabanobike.com\/eu\/rutas\/veinte-castanos-pena-carbonera-pena-de-francia\/","title":{"rendered":"Veinte casta\u00f1os &#8211; Pe\u00f1a Carbonera &#8211; Pe\u00f1a de Francia"},"content":{"rendered":"<p><strong>Irteera Lekua:<\/strong> La Alberca (Salamanca) <\/p>\n\n\n\n<p>MTB irteera La Albercatik, Fuente Casta\u00f1orantz doan bidetik hasiko gara, errepidera iristean 1km egingo ditugu Sotoserranorantz, Veinte Casta\u00f1os-etik igotzean  Buitrerara iritsiko gara, jaitsiera labur batek Portilloko errepideraino eramango gaitu, Puertitosera igotzen den pistan Pe\u00f1a Carboneraraino desbideratuko gara, pista beretik jaitsiko gara berriro eta errepidera iristean 5 km jarraituko ditugu errepidetik Pe\u00f1a de Franciara iristeko. Horren ondoren jeitsiera luzea egingo dugu, Alto Lerara iritsiko gara eta handik Bajondo pasatu ostean La Albercara helduko gara.<\/p>\n\n\n\n<p><\/p>\n\n\n\n<p><strong>Kilometroak:<\/strong> 51,6km<\/p>\n\n\n\n<p><strong>Metroak<\/strong>: 1262m<\/p>\n\n\n\n<iframe loading=\"lazy\" class=\"alltrails\" src=\"https:\/\/www.alltrails.com\/es\/widget\/map\/map-ae95296--48?u=m\" width=\"100%\" height=\"800\" frameborder=\"0\" scrolling=\"no\" marginheight=\"0\" marginwidth=\"0\" title=\"AllTrails: Trail Guides and Maps for Hiking, Camping, and Running\"><\/iframe>\n\n\n\n<hr class=\"wp-block-separator\"\/>\n\n\n\n<div class=\"wp-block-file\"><a href=\"https:\/\/tabanobike.com\/wp-content\/uploads\/2022\/02\/Pe_a_Carbonera_Pe_a_de_Francia.gpx\" class=\"wp-block-file__button\" download aria-describedby=\"wp-block-file--media-1d05188d-a4e4-45f3-8d3b-34614f1290dc\">Track-a Deskargatu<\/a><\/div>\n\n\n\n<p><\/p>\n\n\n\n<figure class=\"wp-block-video\"><video height=\"352\" style=\"aspect-ratio: 640 \/ 352;\" width=\"640\" controls src=\"https:\/\/tabanobike.com\/wp-content\/uploads\/2022\/02\/VID-20200902-WA0005.mp4\"><\/video><\/figure>\n\n\n\n<div class=\"wp-block-kadence-advancedgallery kb-gallery-wrap-id-_e1538b-76\"><div class=\"kb-gallery-ul kb-gallery-type-slider kb-gallery-id-_e1538b-76 kb-gallery-caption-style-bottom-hover kb-gallery-filter-none\" data-image-filter=\"none\" data-lightbox-caption=\"true\"><div class=\"kt-blocks-carousel kt-carousel-container-dotstyle-dark\"><div class=\"kt-blocks-carousel-init kb-blocks-slider kt-carousel-arrowstyle-whiteondark kt-carousel-dotstyle-dark\" data-slider-anim-speed=\"400\" data-slider-type=\"slider\" data-slider-scroll=\"1\" data-slider-arrows=\"true\" data-slider-dots=\"true\" data-slider-hover-pause=\"false\" data-slider-auto=\"true\" data-slider-speed=\"7000\"><div class=\"kb-slide-item kb-gallery-slide-item\"><div class=\"kadence-blocks-gallery-item\"><div class=\"kadence-blocks-gallery-item-inner\"><figure class=\"kb-gallery-figure kb-gallery-item-has-link kadence-blocks-gallery-item-hide-caption kb-has-image-ratio-land32\"><a href=\"https:\/\/tabanobike.com\/wp-content\/uploads\/2022\/02\/IMG_20191103_111514-1.jpg\" class=\"kb-gallery-item-link\"><div class=\"kb-gal-image-radius\"><div class=\"kb-gallery-image-contain kadence-blocks-gallery-intrinsic kb-gallery-image-ratio-land32\"><img loading=\"lazy\" decoding=\"async\" src=\"https:\/\/tabanobike.com\/wp-content\/uploads\/2022\/02\/IMG_20191103_111514-1-1024x768.jpg\" width=\"1024\" height=\"768\" alt=\"\" data-full-image=\"https:\/\/tabanobike.com\/wp-content\/uploads\/2022\/02\/IMG_20191103_111514-1.jpg\" data-light-image=\"https:\/\/tabanobike.com\/wp-content\/uploads\/2022\/02\/IMG_20191103_111514-1.jpg\" data-id=\"834\" data-link=\"https:\/\/tabanobike.com\/?attachment_id=834\" class=\"wp-image-834 skip-lazy\" srcset=\"https:\/\/tabanobike.com\/wp-content\/uploads\/2022\/02\/IMG_20191103_111514-1-1024x768.jpg 1024w, https:\/\/tabanobike.com\/wp-content\/uploads\/2022\/02\/IMG_20191103_111514-1-300x225.jpg 300w, https:\/\/tabanobike.com\/wp-content\/uploads\/2022\/02\/IMG_20191103_111514-1-768x576.jpg 768w, https:\/\/tabanobike.com\/wp-content\/uploads\/2022\/02\/IMG_20191103_111514-1-16x12.jpg 16w, https:\/\/tabanobike.com\/wp-content\/uploads\/2022\/02\/IMG_20191103_111514-1.jpg 1107w\" sizes=\"auto, (max-width: 1024px) 100vw, 1024px\" \/><\/div><\/div><\/a><\/figure><\/div><\/div><\/div><div class=\"kb-slide-item kb-gallery-slide-item\"><div class=\"kadence-blocks-gallery-item\"><div class=\"kadence-blocks-gallery-item-inner\"><figure class=\"kb-gallery-figure kb-gallery-item-has-link kadence-blocks-gallery-item-hide-caption kb-has-image-ratio-land32\"><a href=\"https:\/\/tabanobike.com\/wp-content\/uploads\/2022\/02\/IMG_20180328_132117.jpg\" class=\"kb-gallery-item-link\"><div class=\"kb-gal-image-radius\"><div class=\"kb-gallery-image-contain kadence-blocks-gallery-intrinsic kb-gallery-image-ratio-land32\"><img loading=\"lazy\" decoding=\"async\" src=\"https:\/\/tabanobike.com\/wp-content\/uploads\/2022\/02\/IMG_20180328_132117-1024x768.jpg\" width=\"1024\" height=\"768\" alt=\"\" data-full-image=\"https:\/\/tabanobike.com\/wp-content\/uploads\/2022\/02\/IMG_20180328_132117.jpg\" data-light-image=\"https:\/\/tabanobike.com\/wp-content\/uploads\/2022\/02\/IMG_20180328_132117.jpg\" data-id=\"835\" data-link=\"https:\/\/tabanobike.com\/?attachment_id=835\" class=\"wp-image-835 skip-lazy\" srcset=\"https:\/\/tabanobike.com\/wp-content\/uploads\/2022\/02\/IMG_20180328_132117-1024x768.jpg 1024w, https:\/\/tabanobike.com\/wp-content\/uploads\/2022\/02\/IMG_20180328_132117-300x225.jpg 300w, https:\/\/tabanobike.com\/wp-content\/uploads\/2022\/02\/IMG_20180328_132117-768x576.jpg 768w, https:\/\/tabanobike.com\/wp-content\/uploads\/2022\/02\/IMG_20180328_132117-16x12.jpg 16w, https:\/\/tabanobike.com\/wp-content\/uploads\/2022\/02\/IMG_20180328_132117.jpg 1107w\" sizes=\"auto, (max-width: 1024px) 100vw, 1024px\" \/><\/div><\/div><\/a><\/figure><\/div><\/div><\/div><div class=\"kb-slide-item kb-gallery-slide-item\"><div class=\"kadence-blocks-gallery-item\"><div class=\"kadence-blocks-gallery-item-inner\"><figure class=\"kb-gallery-figure kb-gallery-item-has-link kadence-blocks-gallery-item-hide-caption kb-has-image-ratio-land32\"><a href=\"https:\/\/tabanobike.com\/wp-content\/uploads\/2022\/02\/IMG_20190417_125742.jpg\" class=\"kb-gallery-item-link\"><div class=\"kb-gal-image-radius\"><div class=\"kb-gallery-image-contain kadence-blocks-gallery-intrinsic kb-gallery-image-ratio-land32\"><img loading=\"lazy\" decoding=\"async\" src=\"https:\/\/tabanobike.com\/wp-content\/uploads\/2022\/02\/IMG_20190417_125742-1024x768.jpg\" width=\"1024\" height=\"768\" alt=\"\" data-full-image=\"https:\/\/tabanobike.com\/wp-content\/uploads\/2022\/02\/IMG_20190417_125742.jpg\" data-light-image=\"https:\/\/tabanobike.com\/wp-content\/uploads\/2022\/02\/IMG_20190417_125742.jpg\" data-id=\"836\" data-link=\"https:\/\/tabanobike.com\/?attachment_id=836\" class=\"wp-image-836 skip-lazy\" srcset=\"https:\/\/tabanobike.com\/wp-content\/uploads\/2022\/02\/IMG_20190417_125742-1024x768.jpg 1024w, https:\/\/tabanobike.com\/wp-content\/uploads\/2022\/02\/IMG_20190417_125742-300x225.jpg 300w, https:\/\/tabanobike.com\/wp-content\/uploads\/2022\/02\/IMG_20190417_125742-768x576.jpg 768w, https:\/\/tabanobike.com\/wp-content\/uploads\/2022\/02\/IMG_20190417_125742-16x12.jpg 16w, https:\/\/tabanobike.com\/wp-content\/uploads\/2022\/02\/IMG_20190417_125742.jpg 1204w\" sizes=\"auto, (max-width: 1024px) 100vw, 1024px\" \/><\/div><\/div><\/a><\/figure><\/div><\/div><\/div><div class=\"kb-slide-item kb-gallery-slide-item\"><div class=\"kadence-blocks-gallery-item\"><div class=\"kadence-blocks-gallery-item-inner\"><figure class=\"kb-gallery-figure kb-gallery-item-has-link kadence-blocks-gallery-item-hide-caption kb-has-image-ratio-land32\"><a href=\"https:\/\/tabanobike.com\/wp-content\/uploads\/2022\/02\/IMG_20200818_132146.jpg\" class=\"kb-gallery-item-link\"><div class=\"kb-gal-image-radius\"><div class=\"kb-gallery-image-contain kadence-blocks-gallery-intrinsic kb-gallery-image-ratio-land32\"><img loading=\"lazy\" decoding=\"async\" src=\"https:\/\/tabanobike.com\/wp-content\/uploads\/2022\/02\/IMG_20200818_132146-1024x596.jpg\" width=\"1024\" height=\"596\" alt=\"\" data-full-image=\"https:\/\/tabanobike.com\/wp-content\/uploads\/2022\/02\/IMG_20200818_132146.jpg\" data-light-image=\"https:\/\/tabanobike.com\/wp-content\/uploads\/2022\/02\/IMG_20200818_132146.jpg\" data-id=\"840\" data-link=\"https:\/\/tabanobike.com\/?attachment_id=840\" class=\"wp-image-840 skip-lazy\" srcset=\"https:\/\/tabanobike.com\/wp-content\/uploads\/2022\/02\/IMG_20200818_132146-1024x596.jpg 1024w, https:\/\/tabanobike.com\/wp-content\/uploads\/2022\/02\/IMG_20200818_132146-300x174.jpg 300w, https:\/\/tabanobike.com\/wp-content\/uploads\/2022\/02\/IMG_20200818_132146-768x447.jpg 768w, https:\/\/tabanobike.com\/wp-content\/uploads\/2022\/02\/IMG_20200818_132146-18x10.jpg 18w, https:\/\/tabanobike.com\/wp-content\/uploads\/2022\/02\/IMG_20200818_132146.jpg 1427w\" sizes=\"auto, (max-width: 1024px) 100vw, 1024px\" \/><\/div><\/div><\/a><\/figure><\/div><\/div><\/div><div class=\"kb-slide-item kb-gallery-slide-item\"><div class=\"kadence-blocks-gallery-item\"><div class=\"kadence-blocks-gallery-item-inner\"><figure class=\"kb-gallery-figure kb-gallery-item-has-link kadence-blocks-gallery-item-hide-caption kb-has-image-ratio-land32\"><a href=\"https:\/\/tabanobike.com\/wp-content\/uploads\/2022\/02\/IMG_20210820_121843-2.jpg\" class=\"kb-gallery-item-link\"><div class=\"kb-gal-image-radius\"><div class=\"kb-gallery-image-contain kadence-blocks-gallery-intrinsic kb-gallery-image-ratio-land32\"><img loading=\"lazy\" decoding=\"async\" src=\"https:\/\/tabanobike.com\/wp-content\/uploads\/2022\/02\/IMG_20210820_121843-2-1024x768.jpg\" width=\"1024\" height=\"768\" alt=\"\" data-full-image=\"https:\/\/tabanobike.com\/wp-content\/uploads\/2022\/02\/IMG_20210820_121843-2.jpg\" data-light-image=\"https:\/\/tabanobike.com\/wp-content\/uploads\/2022\/02\/IMG_20210820_121843-2.jpg\" data-id=\"857\" data-link=\"https:\/\/tabanobike.com\/rutas\/veinte-castanos-pena-carbonera-pena-de-francia\/img_20210820_121843-2\/\" class=\"wp-image-857 skip-lazy\" srcset=\"https:\/\/tabanobike.com\/wp-content\/uploads\/2022\/02\/IMG_20210820_121843-2-1024x768.jpg 1024w, https:\/\/tabanobike.com\/wp-content\/uploads\/2022\/02\/IMG_20210820_121843-2-300x225.jpg 300w, https:\/\/tabanobike.com\/wp-content\/uploads\/2022\/02\/IMG_20210820_121843-2-768x576.jpg 768w, https:\/\/tabanobike.com\/wp-content\/uploads\/2022\/02\/IMG_20210820_121843-2-16x12.jpg 16w, https:\/\/tabanobike.com\/wp-content\/uploads\/2022\/02\/IMG_20210820_121843-2.jpg 1107w\" sizes=\"auto, (max-width: 1024px) 100vw, 1024px\" \/><\/div><\/div><\/a><\/figure><\/div><\/div><\/div><div class=\"kb-slide-item kb-gallery-slide-item\"><div class=\"kadence-blocks-gallery-item\"><div class=\"kadence-blocks-gallery-item-inner\"><figure class=\"kb-gallery-figure kb-gallery-item-has-link kadence-blocks-gallery-item-hide-caption kb-has-image-ratio-land32\"><a href=\"https:\/\/tabanobike.com\/wp-content\/uploads\/2022\/02\/2016_0811_111400_001.jpg\" class=\"kb-gallery-item-link\"><div class=\"kb-gal-image-radius\"><div class=\"kb-gallery-image-contain kadence-blocks-gallery-intrinsic kb-gallery-image-ratio-land32\"><img loading=\"lazy\" decoding=\"async\" src=\"https:\/\/tabanobike.com\/wp-content\/uploads\/2022\/02\/2016_0811_111400_001-1024x768.jpg\" width=\"1024\" height=\"768\" alt=\"\" data-full-image=\"https:\/\/tabanobike.com\/wp-content\/uploads\/2022\/02\/2016_0811_111400_001.jpg\" data-light-image=\"https:\/\/tabanobike.com\/wp-content\/uploads\/2022\/02\/2016_0811_111400_001.jpg\" data-id=\"859\" data-link=\"https:\/\/tabanobike.com\/rutas\/veinte-castanos-pena-carbonera-pena-de-francia\/2016_0811_111400_001\/\" class=\"wp-image-859 skip-lazy\" srcset=\"https:\/\/tabanobike.com\/wp-content\/uploads\/2022\/02\/2016_0811_111400_001-1024x768.jpg 1024w, https:\/\/tabanobike.com\/wp-content\/uploads\/2022\/02\/2016_0811_111400_001-300x225.jpg 300w, https:\/\/tabanobike.com\/wp-content\/uploads\/2022\/02\/2016_0811_111400_001-768x576.jpg 768w, https:\/\/tabanobike.com\/wp-content\/uploads\/2022\/02\/2016_0811_111400_001-16x12.jpg 16w, https:\/\/tabanobike.com\/wp-content\/uploads\/2022\/02\/2016_0811_111400_001.jpg 1107w\" sizes=\"auto, (max-width: 1024px) 100vw, 1024px\" \/><\/div><\/div><\/a><\/figure><\/div><\/div><\/div><div class=\"kb-slide-item kb-gallery-slide-item\"><div class=\"kadence-blocks-gallery-item\"><div class=\"kadence-blocks-gallery-item-inner\"><figure class=\"kb-gallery-figure kb-gallery-item-has-link kadence-blocks-gallery-item-hide-caption kb-has-image-ratio-land32\"><a href=\"https:\/\/tabanobike.com\/wp-content\/uploads\/2022\/02\/Screenshot_2018-11-04-17-47-09-556_com.miui_.videoplayer.png\" class=\"kb-gallery-item-link\"><div class=\"kb-gal-image-radius\"><div class=\"kb-gallery-image-contain kadence-blocks-gallery-intrinsic kb-gallery-image-ratio-land32\"><img loading=\"lazy\" decoding=\"async\" src=\"https:\/\/tabanobike.com\/wp-content\/uploads\/2022\/02\/Screenshot_2018-11-04-17-47-09-556_com.miui_.videoplayer-1024x576.png\" width=\"1024\" height=\"576\" alt=\"\" data-full-image=\"https:\/\/tabanobike.com\/wp-content\/uploads\/2022\/02\/Screenshot_2018-11-04-17-47-09-556_com.miui_.videoplayer.png\" data-light-image=\"https:\/\/tabanobike.com\/wp-content\/uploads\/2022\/02\/Screenshot_2018-11-04-17-47-09-556_com.miui_.videoplayer.png\" data-id=\"861\" data-link=\"https:\/\/tabanobike.com\/rutas\/veinte-castanos-pena-carbonera-pena-de-francia\/screenshot_2018-11-04-17-47-09-556_com-miui_-videoplayer\/\" class=\"wp-image-861 skip-lazy\" srcset=\"https:\/\/tabanobike.com\/wp-content\/uploads\/2022\/02\/Screenshot_2018-11-04-17-47-09-556_com.miui_.videoplayer-1024x576.png 1024w, https:\/\/tabanobike.com\/wp-content\/uploads\/2022\/02\/Screenshot_2018-11-04-17-47-09-556_com.miui_.videoplayer-300x169.png 300w, https:\/\/tabanobike.com\/wp-content\/uploads\/2022\/02\/Screenshot_2018-11-04-17-47-09-556_com.miui_.videoplayer-768x432.png 768w, https:\/\/tabanobike.com\/wp-content\/uploads\/2022\/02\/Screenshot_2018-11-04-17-47-09-556_com.miui_.videoplayer-18x10.png 18w, https:\/\/tabanobike.com\/wp-content\/uploads\/2022\/02\/Screenshot_2018-11-04-17-47-09-556_com.miui_.videoplayer.png 1280w\" sizes=\"auto, (max-width: 1024px) 100vw, 1024px\" \/><\/div><\/div><\/a><\/figure><\/div><\/div><\/div><div class=\"kb-slide-item kb-gallery-slide-item\"><div class=\"kadence-blocks-gallery-item\"><div class=\"kadence-blocks-gallery-item-inner\"><figure class=\"kb-gallery-figure kb-gallery-item-has-link kadence-blocks-gallery-item-hide-caption kb-has-image-ratio-land32\"><a href=\"https:\/\/tabanobike.com\/wp-content\/uploads\/2022\/02\/IMG_20210516_101116.jpg\" class=\"kb-gallery-item-link\"><div class=\"kb-gal-image-radius\"><div class=\"kb-gallery-image-contain kadence-blocks-gallery-intrinsic kb-gallery-image-ratio-land32\"><img loading=\"lazy\" decoding=\"async\" src=\"https:\/\/tabanobike.com\/wp-content\/uploads\/2022\/02\/IMG_20210516_101116-1024x768.jpg\" width=\"1024\" height=\"768\" alt=\"\" data-full-image=\"https:\/\/tabanobike.com\/wp-content\/uploads\/2022\/02\/IMG_20210516_101116.jpg\" data-light-image=\"https:\/\/tabanobike.com\/wp-content\/uploads\/2022\/02\/IMG_20210516_101116.jpg\" data-id=\"863\" data-link=\"https:\/\/tabanobike.com\/rutas\/veinte-castanos-pena-carbonera-pena-de-francia\/img_20210516_101116\/\" class=\"wp-image-863 skip-lazy\" srcset=\"https:\/\/tabanobike.com\/wp-content\/uploads\/2022\/02\/IMG_20210516_101116-1024x768.jpg 1024w, https:\/\/tabanobike.com\/wp-content\/uploads\/2022\/02\/IMG_20210516_101116-300x225.jpg 300w, https:\/\/tabanobike.com\/wp-content\/uploads\/2022\/02\/IMG_20210516_101116-768x576.jpg 768w, https:\/\/tabanobike.com\/wp-content\/uploads\/2022\/02\/IMG_20210516_101116-16x12.jpg 16w, https:\/\/tabanobike.com\/wp-content\/uploads\/2022\/02\/IMG_20210516_101116.jpg 1107w\" sizes=\"auto, (max-width: 1024px) 100vw, 1024px\" \/><\/div><\/div><\/a><\/figure><\/div><\/div><\/div><\/div><\/div><\/div><\/div>\n\n\n\n<p><\/p>","protected":false},"excerpt":{"rendered":"<p>MTB irteera La Albercatik Fuente Casta\u00f1orantz doan bidetik hasiko gara, errepidera iristean 1km egingo ditugu Sotoserranorantz, Veinte Casta\u00f1os-etik igotzean  Buitrerara iritsiko gara, jaitsiera labur batek Portilloko errepideraino eramango gaitu.. <a href=\"https:\/\/tabanobike.com\/eu\/rutas\/veinte-castanos-pena-carbonera-pena-de-francia\/\">Continued<\/a><\/p>","protected":false},"author":1,"featured_media":833,"parent":147,"menu_order":0,"comment_status":"closed","ping_status":"closed","template":"","meta":{"kt_blocks_editor_width":"","footnotes":""},"categories":[12,4,10],"tags":[],"class_list":["post-831","page","type-page","status-publish","has-post-thumbnail","hentry","category-mtb","category-rutas","category-sierra-de-francia"],"aioseo_notices":[],"_links":{"self":[{"href":"https:\/\/tabanobike.com\/eu\/wp-json\/wp\/v2\/pages\/831","targetHints":{"allow":["GET"]}}],"collection":[{"href":"https:\/\/tabanobike.com\/eu\/wp-json\/wp\/v2\/pages"}],"about":[{"href":"https:\/\/tabanobike.com\/eu\/wp-json\/wp\/v2\/types\/page"}],"author":[{"embeddable":true,"href":"https:\/\/tabanobike.com\/eu\/wp-json\/wp\/v2\/users\/1"}],"replies":[{"embeddable":true,"href":"https:\/\/tabanobike.com\/eu\/wp-json\/wp\/v2\/comments?post=831"}],"version-history":[{"count":13,"href":"https:\/\/tabanobike.com\/eu\/wp-json\/wp\/v2\/pages\/831\/revisions"}],"predecessor-version":[{"id":865,"href":"https:\/\/tabanobike.com\/eu\/wp-json\/wp\/v2\/pages\/831\/revisions\/865"}],"up":[{"embeddable":true,"href":"https:\/\/tabanobike.com\/eu\/wp-json\/wp\/v2\/pages\/147"}],"wp:featuredmedia":[{"embeddable":true,"href":"https:\/\/tabanobike.com\/eu\/wp-json\/wp\/v2\/media\/833"}],"wp:attachment":[{"href":"https:\/\/tabanobike.com\/eu\/wp-json\/wp\/v2\/media?parent=831"}],"wp:term":[{"taxonomy":"category","embeddable":true,"href":"https:\/\/tabanobike.com\/eu\/wp-json\/wp\/v2\/categories?post=831"},{"taxonomy":"post_tag","embeddable":true,"href":"https:\/\/tabanobike.com\/eu\/wp-json\/wp\/v2\/tags?post=831"}],"curies":[{"name":"wp","href":"https:\/\/api.w.org\/{rel}","templated":true}]}}