{"id":866,"date":"2022-02-24T18:40:24","date_gmt":"2022-02-24T17:40:24","guid":{"rendered":"https:\/\/tabanobike.com\/?page_id=866"},"modified":"2022-02-28T19:54:42","modified_gmt":"2022-02-28T18:54:42","slug":"lastur-otarre-elosua","status":"publish","type":"page","link":"https:\/\/tabanobike.com\/eu\/rutas\/lastur-otarre-elosua\/","title":{"rendered":"Lastur &#8211; Otarre &#8211; Elosua"},"content":{"rendered":"<p><strong>Irteera Lekua:<\/strong> Eibar (Gipuzkoa) <\/p>\n\n\n\n<p>Eibartik Lasturrera abiatuko gara metro bila, Sasiola igo eta Azurkirantz joko dugu hormigoizko pista batetik Otarrera igotzeko. Han, tropel profesional bateko aldapa duinak topatuko ditugu, 3,6 kilometroko igoera zorrotza, 9,6ko batez besteko maldarekin, % 19rainoko aldapekin. Mendatera iritsi eta arnasa berreskuratu ondoren, Madarixatik Azkoitiraino jaisten hasiko gara, Gorla igotzeko. 8km inguruko igoera da, baina % 6,2ko malda du. Horren ondoren bakarrik faltako zaigu ibaian behera Eibarrera jaistea.<\/p>\n\n\n\n<p><\/p>\n\n\n\n<p><strong>Kilometroak:<\/strong> 69km<\/p>\n\n\n\n<p><strong>Metroak<\/strong>: 1450m<\/p>\n\n\n\n<iframe loading=\"lazy\" class=\"alltrails\" src=\"https:\/\/www.alltrails.com\/es\/widget\/map\/map-b085c4f--39?hideName=true&#038;u=m\" width=\"100%\" height=\"800\" frameborder=\"0\" scrolling=\"no\" marginheight=\"0\" marginwidth=\"0\" title=\"AllTrails: Trail Guides and Maps for Hiking, Camping, and Running\"><\/iframe>\n\n\n\n<hr class=\"wp-block-separator\"\/>\n\n\n\n<div class=\"wp-block-file\"><a href=\"https:\/\/tabanobike.com\/wp-content\/uploads\/2022\/02\/Lastur_Otarre_Elosua.gpx\" class=\"wp-block-file__button\" download aria-describedby=\"wp-block-file--media-66ded1a8-c67f-4152-bcd2-f34d876f8d2f\">Track-a Deskargatu<\/a><\/div>\n\n\n\n<p><\/p>\n\n\n\n<figure class=\"wp-block-video\"><video height=\"352\" style=\"aspect-ratio: 624 \/ 352;\" width=\"624\" controls src=\"https:\/\/tabanobike.com\/wp-content\/uploads\/2022\/02\/video_2022-02-24_20-35-33.mp4\"><\/video><\/figure>\n\n\n\n<div class=\"wp-block-kadence-advancedgallery kb-gallery-wrap-id-_22ae0e-e0\"><div class=\"kb-gallery-ul kb-gallery-type-slider kb-gallery-id-_22ae0e-e0 kb-gallery-caption-style-bottom-hover kb-gallery-filter-none\" data-image-filter=\"none\" data-lightbox-caption=\"true\"><div class=\"kt-blocks-carousel kt-carousel-container-dotstyle-dark\"><div class=\"kt-blocks-carousel-init kb-blocks-slider kt-carousel-arrowstyle-whiteondark kt-carousel-dotstyle-dark\" data-slider-anim-speed=\"400\" data-slider-type=\"slider\" data-slider-scroll=\"1\" data-slider-arrows=\"true\" data-slider-dots=\"true\" data-slider-hover-pause=\"false\" data-slider-auto=\"true\" data-slider-speed=\"7000\"><div class=\"kb-slide-item kb-gallery-slide-item\"><div class=\"kadence-blocks-gallery-item\"><div class=\"kadence-blocks-gallery-item-inner\"><figure class=\"kb-gallery-figure kb-gallery-item-has-link kadence-blocks-gallery-item-hide-caption kb-has-image-ratio-land32\"><a href=\"https:\/\/tabanobike.com\/wp-content\/uploads\/2022\/02\/photo_2022-02-24_20-36-09.jpg\" class=\"kb-gallery-item-link\"><div class=\"kb-gal-image-radius\"><div class=\"kb-gallery-image-contain kadence-blocks-gallery-intrinsic kb-gallery-image-ratio-land32\"><img loading=\"lazy\" decoding=\"async\" src=\"https:\/\/tabanobike.com\/wp-content\/uploads\/2022\/02\/photo_2022-02-24_20-36-09-1024x768.jpg\" width=\"1024\" height=\"768\" alt=\"\" data-full-image=\"https:\/\/tabanobike.com\/wp-content\/uploads\/2022\/02\/photo_2022-02-24_20-36-09.jpg\" data-light-image=\"https:\/\/tabanobike.com\/wp-content\/uploads\/2022\/02\/photo_2022-02-24_20-36-09.jpg\" data-id=\"870\" data-link=\"https:\/\/tabanobike.com\/?attachment_id=870\" class=\"wp-image-870 skip-lazy\" srcset=\"https:\/\/tabanobike.com\/wp-content\/uploads\/2022\/02\/photo_2022-02-24_20-36-09-1024x768.jpg 1024w, https:\/\/tabanobike.com\/wp-content\/uploads\/2022\/02\/photo_2022-02-24_20-36-09-300x225.jpg 300w, https:\/\/tabanobike.com\/wp-content\/uploads\/2022\/02\/photo_2022-02-24_20-36-09-768x576.jpg 768w, https:\/\/tabanobike.com\/wp-content\/uploads\/2022\/02\/photo_2022-02-24_20-36-09-16x12.jpg 16w, https:\/\/tabanobike.com\/wp-content\/uploads\/2022\/02\/photo_2022-02-24_20-36-09.jpg 1280w\" sizes=\"auto, (max-width: 1024px) 100vw, 1024px\" \/><\/div><\/div><\/a><\/figure><\/div><\/div><\/div><div class=\"kb-slide-item kb-gallery-slide-item\"><div class=\"kadence-blocks-gallery-item\"><div class=\"kadence-blocks-gallery-item-inner\"><figure class=\"kb-gallery-figure kb-gallery-item-has-link kadence-blocks-gallery-item-hide-caption kb-has-image-ratio-land32\"><a href=\"https:\/\/tabanobike.com\/wp-content\/uploads\/2022\/02\/photo_2022-02-24_20-36-13.jpg\" class=\"kb-gallery-item-link\"><div class=\"kb-gal-image-radius\"><div class=\"kb-gallery-image-contain kadence-blocks-gallery-intrinsic kb-gallery-image-ratio-land32\"><img loading=\"lazy\" decoding=\"async\" src=\"https:\/\/tabanobike.com\/wp-content\/uploads\/2022\/02\/photo_2022-02-24_20-36-13-1024x768.jpg\" width=\"1024\" height=\"768\" alt=\"\" data-full-image=\"https:\/\/tabanobike.com\/wp-content\/uploads\/2022\/02\/photo_2022-02-24_20-36-13.jpg\" data-light-image=\"https:\/\/tabanobike.com\/wp-content\/uploads\/2022\/02\/photo_2022-02-24_20-36-13.jpg\" data-id=\"871\" data-link=\"https:\/\/tabanobike.com\/?attachment_id=871\" class=\"wp-image-871 skip-lazy\" srcset=\"https:\/\/tabanobike.com\/wp-content\/uploads\/2022\/02\/photo_2022-02-24_20-36-13-1024x768.jpg 1024w, https:\/\/tabanobike.com\/wp-content\/uploads\/2022\/02\/photo_2022-02-24_20-36-13-300x225.jpg 300w, https:\/\/tabanobike.com\/wp-content\/uploads\/2022\/02\/photo_2022-02-24_20-36-13-768x576.jpg 768w, https:\/\/tabanobike.com\/wp-content\/uploads\/2022\/02\/photo_2022-02-24_20-36-13-16x12.jpg 16w, https:\/\/tabanobike.com\/wp-content\/uploads\/2022\/02\/photo_2022-02-24_20-36-13.jpg 1280w\" sizes=\"auto, (max-width: 1024px) 100vw, 1024px\" \/><\/div><\/div><\/a><\/figure><\/div><\/div><\/div><div class=\"kb-slide-item kb-gallery-slide-item\"><div class=\"kadence-blocks-gallery-item\"><div class=\"kadence-blocks-gallery-item-inner\"><figure class=\"kb-gallery-figure kb-gallery-item-has-link kadence-blocks-gallery-item-hide-caption kb-has-image-ratio-land32\"><a href=\"https:\/\/tabanobike.com\/wp-content\/uploads\/2022\/02\/photo_2022-02-24_20-36-16.jpg\" class=\"kb-gallery-item-link\"><div class=\"kb-gal-image-radius\"><div class=\"kb-gallery-image-contain kadence-blocks-gallery-intrinsic kb-gallery-image-ratio-land32\"><img loading=\"lazy\" decoding=\"async\" src=\"https:\/\/tabanobike.com\/wp-content\/uploads\/2022\/02\/photo_2022-02-24_20-36-16-1024x768.jpg\" width=\"1024\" height=\"768\" alt=\"\" data-full-image=\"https:\/\/tabanobike.com\/wp-content\/uploads\/2022\/02\/photo_2022-02-24_20-36-16.jpg\" data-light-image=\"https:\/\/tabanobike.com\/wp-content\/uploads\/2022\/02\/photo_2022-02-24_20-36-16.jpg\" data-id=\"872\" data-link=\"https:\/\/tabanobike.com\/?attachment_id=872\" class=\"wp-image-872 skip-lazy\" srcset=\"https:\/\/tabanobike.com\/wp-content\/uploads\/2022\/02\/photo_2022-02-24_20-36-16-1024x768.jpg 1024w, https:\/\/tabanobike.com\/wp-content\/uploads\/2022\/02\/photo_2022-02-24_20-36-16-300x225.jpg 300w, https:\/\/tabanobike.com\/wp-content\/uploads\/2022\/02\/photo_2022-02-24_20-36-16-768x576.jpg 768w, https:\/\/tabanobike.com\/wp-content\/uploads\/2022\/02\/photo_2022-02-24_20-36-16-16x12.jpg 16w, https:\/\/tabanobike.com\/wp-content\/uploads\/2022\/02\/photo_2022-02-24_20-36-16.jpg 1280w\" sizes=\"auto, (max-width: 1024px) 100vw, 1024px\" \/><\/div><\/div><\/a><\/figure><\/div><\/div><\/div><div class=\"kb-slide-item kb-gallery-slide-item\"><div class=\"kadence-blocks-gallery-item\"><div class=\"kadence-blocks-gallery-item-inner\"><figure class=\"kb-gallery-figure kb-gallery-item-has-link kadence-blocks-gallery-item-hide-caption kb-has-image-ratio-land32\"><a href=\"https:\/\/tabanobike.com\/wp-content\/uploads\/2022\/02\/photo_2022-02-24_20-36-19.jpg\" class=\"kb-gallery-item-link\"><div class=\"kb-gal-image-radius\"><div class=\"kb-gallery-image-contain kadence-blocks-gallery-intrinsic kb-gallery-image-ratio-land32\"><img loading=\"lazy\" decoding=\"async\" src=\"https:\/\/tabanobike.com\/wp-content\/uploads\/2022\/02\/photo_2022-02-24_20-36-19-1024x768.jpg\" width=\"1024\" height=\"768\" alt=\"\" data-full-image=\"https:\/\/tabanobike.com\/wp-content\/uploads\/2022\/02\/photo_2022-02-24_20-36-19.jpg\" data-light-image=\"https:\/\/tabanobike.com\/wp-content\/uploads\/2022\/02\/photo_2022-02-24_20-36-19.jpg\" data-id=\"873\" data-link=\"https:\/\/tabanobike.com\/?attachment_id=873\" class=\"wp-image-873 skip-lazy\" srcset=\"https:\/\/tabanobike.com\/wp-content\/uploads\/2022\/02\/photo_2022-02-24_20-36-19-1024x768.jpg 1024w, https:\/\/tabanobike.com\/wp-content\/uploads\/2022\/02\/photo_2022-02-24_20-36-19-300x225.jpg 300w, https:\/\/tabanobike.com\/wp-content\/uploads\/2022\/02\/photo_2022-02-24_20-36-19-768x576.jpg 768w, https:\/\/tabanobike.com\/wp-content\/uploads\/2022\/02\/photo_2022-02-24_20-36-19-16x12.jpg 16w, https:\/\/tabanobike.com\/wp-content\/uploads\/2022\/02\/photo_2022-02-24_20-36-19.jpg 1280w\" sizes=\"auto, (max-width: 1024px) 100vw, 1024px\" \/><\/div><\/div><\/a><\/figure><\/div><\/div><\/div><\/div><\/div><\/div><\/div>","protected":false},"excerpt":{"rendered":"<p>Lugar de salida: Eibar (Gipuzkoa) Salida desde Eibar hacia Lastur en busca de metros, ascendemos Sasiola y tomamos direcci\u00f3n Azurki desvi\u00e1ndonos por una pista de hormig\u00f3n para subir a Otarre donde nos encontraremos unas rampas dignas de un pelot\u00f3n profesional, &hellip; <a href=\"https:\/\/tabanobike.com\/eu\/rutas\/lastur-otarre-elosua\/\">Continued<\/a><\/p>","protected":false},"author":1,"featured_media":870,"parent":147,"menu_order":0,"comment_status":"closed","ping_status":"closed","template":"","meta":{"kt_blocks_editor_width":"","footnotes":""},"categories":[11,8,4],"tags":[],"class_list":["post-866","page","type-page","status-publish","has-post-thumbnail","hentry","category-carretera","category-euskadi","category-rutas"],"aioseo_notices":[],"_links":{"self":[{"href":"https:\/\/tabanobike.com\/eu\/wp-json\/wp\/v2\/pages\/866","targetHints":{"allow":["GET"]}}],"collection":[{"href":"https:\/\/tabanobike.com\/eu\/wp-json\/wp\/v2\/pages"}],"about":[{"href":"https:\/\/tabanobike.com\/eu\/wp-json\/wp\/v2\/types\/page"}],"author":[{"embeddable":true,"href":"https:\/\/tabanobike.com\/eu\/wp-json\/wp\/v2\/users\/1"}],"replies":[{"embeddable":true,"href":"https:\/\/tabanobike.com\/eu\/wp-json\/wp\/v2\/comments?post=866"}],"version-history":[{"count":10,"href":"https:\/\/tabanobike.com\/eu\/wp-json\/wp\/v2\/pages\/866\/revisions"}],"predecessor-version":[{"id":891,"href":"https:\/\/tabanobike.com\/eu\/wp-json\/wp\/v2\/pages\/866\/revisions\/891"}],"up":[{"embeddable":true,"href":"https:\/\/tabanobike.com\/eu\/wp-json\/wp\/v2\/pages\/147"}],"wp:featuredmedia":[{"embeddable":true,"href":"https:\/\/tabanobike.com\/eu\/wp-json\/wp\/v2\/media\/870"}],"wp:attachment":[{"href":"https:\/\/tabanobike.com\/eu\/wp-json\/wp\/v2\/media?parent=866"}],"wp:term":[{"taxonomy":"category","embeddable":true,"href":"https:\/\/tabanobike.com\/eu\/wp-json\/wp\/v2\/categories?post=866"},{"taxonomy":"post_tag","embeddable":true,"href":"https:\/\/tabanobike.com\/eu\/wp-json\/wp\/v2\/tags?post=866"}],"curies":[{"name":"wp","href":"https:\/\/api.w.org\/{rel}","templated":true}]}}